{"id":4089,"date":"2024-09-20T21:33:07","date_gmt":"2024-09-20T19:33:07","guid":{"rendered":"https:\/\/anatex.sk\/unser-angebot\/essbare-werbeartikel\/premiove-draze-zuvacky\/"},"modified":"2025-11-12T22:08:29","modified_gmt":"2025-11-12T21:08:29","slug":"premium-dragees-und-kaugummis","status":"publish","type":"page","link":"https:\/\/anatex.sk\/de\/unser-angebot\/essbare-werbeartikel\/premium-dragees-und-kaugummis\/","title":{"rendered":"Premium-Dragees und Kaugummis"},"content":{"rendered":"<section class=\"l-section wpb_row us_custom_0fb0f71f height_medium\"><div class=\"l-section-h i-cf\"><div class=\"g-cols vc_row via_flex valign_middle type_default stacking_default\"><div class=\"vc_col-sm-12 wpb_column vc_column_container\"><div class=\"vc_column-inner\"><div class=\"wpb_wrapper\"><div class=\"w-grid us_post_list type_grid layout_719 cols_2 preload_style_spinner\" id=\"us_post_list_la10\" style=\"--columns:2;--gap:1rem;\"><style>@media (max-width:600px){#us_post_list_la10{--columns:1!important}}.layout_719 .w-grid-item-h{background:var(--color-content-bg)}.layout_719 .usg_hwrapper_2{transition-duration:0.3s;transform-origin:50% 50%;transform:scale(1) translate(0%,0%)}.layout_719 .w-grid-item-h:focus-within .usg_hwrapper_2,.layout_719 .w-grid-item-h:hover .usg_hwrapper_2{transform:scale(1) translate(0%,0%);opacity:1;border-color:var(--color-header-top-text)!important}.layout_719 .usg_vwrapper_1{width:60%!important;padding-left:20px!important}.layout_719 .usg_post_image_1{width:40%!important}.layout_719 .usg_post_title_1{font-size:16px!important;letter-spacing:0.04em!important;font-family:var(--font-family)!important;font-weight:600!important;margin-top:1rem!important}.layout_719 .usg_post_content_1{font-size:14px!important;line-height:24px!important;letter-spacing:0.04em!important}.layout_719 .usg_hwrapper_2{height:100%!important;padding:20px 30px 20px 30px!important;border:1px solid transparent!important;box-shadow:0 0 50px 0 var(--color-chrome-toolbar)!important}.layout_719 .usg_post_content_2{font-size:14px!important;line-height:24px!important;letter-spacing:0.04em!important}.layout_719 .usg_post_content_3{font-size:14px!important;line-height:24px!important;letter-spacing:0.04em!important}@media (min-width:1091px) and (max-width:1380px){.layout_719 .usg_vwrapper_1{width:60%!important;padding-left:20px!important}.layout_719 .usg_post_image_1{width:40%!important}}@media (min-width:601px) and (max-width:1090px){.layout_719 .usg_vwrapper_1{width:60%!important;padding-left:20px!important}.layout_719 .usg_post_image_1{width:40%!important}}@media (max-width:600px){.layout_719 .usg_vwrapper_1{width:100%!important;padding-left:0px!important}.layout_719 .usg_post_image_1{width:100%!important}}<\/style><div class=\"w-grid-list\">\t<article class=\"w-grid-item size_1x1 post-5501 katalogy type-katalogy status-publish has-post-thumbnail hentry category-essbare-werbung\" data-id=\"5501\">\r\n\t\t<div class=\"w-grid-item-h\">\r\n\t\t\t\t\t\t<div class=\"w-hwrapper usg_hwrapper_2 two-vertical align_none valign_middle\" style=\"--hwrapper-gap:1rem\"><div class=\"w-post-elm post_image usg_post_image_1 has_width has_ratio\"><a href=\"https:\/\/anatex.sk\/de\/3d-flip-book\/premiove-draze-zuvacky\/\" aria-label=\"Premium-Dragee-Kaugummis\"><img loading=\"lazy\" decoding=\"async\" width=\"300\" height=\"300\" src=\"https:\/\/anatex.sk\/wp-content\/uploads\/2024\/08\/zuvacky-obalka-205x246-1.png\" class=\"attachment-woocommerce_thumbnail size-woocommerce_thumbnail wp-post-image\" alt=\"\"><\/a><div style=\"padding-bottom:133.3333%\"><\/div><\/div><div class=\"w-vwrapper usg_vwrapper_1 align_none valign_middle\" style=\"--vwrapper-gap:1rem\"><div class=\"w-post-elm post_title usg_post_title_1 entry-title color_link_inherit\">Premium-Dragee-Kaugummis<\/div><div class=\"w-post-elm post_content usg_post_content_2 with_collapsible_content\" data-content-height=\"150px\"><div><p class=\"p1\">Unsere Premium-Dragee-Kaugummis enthalten weder Zucker noch den k\u00fcnstlichen S\u00fc\u00dfstoff Aspartam. Sie sind erfrischend, langanhaltend und v\u00f6llig frei von k\u00fcnstlichen Farb- und Aromastoffen. Die Kaugummis werden f\u00fcr uns aus den hochwertigsten Rohstoffen in <span class=\"s1\">der Schweiz<\/span> hergestellt und in zwei der beliebtesten Geschmacksrichtungen nach <span class=\"s1\">Slowakei<\/span> geliefert: <span class=\"s1\">Pfefferminz (Peppermint)<\/span> und <span class=\"s1\">Spearmint<\/span>. Alle unsere Kaugummis werden einzeln verpackt und sind ideal f\u00fcr den <span class=\"s1\">Werbe-<\/span> und <span class=\"s1\">HoReCa-Bereich<\/span>. Eine Packung enth\u00e4lt eine <span class=\"s1\">50\/50-Mischung<\/span> aus Pfefferminz- und Spearmint-Kaugummis. Die Lieferzeit betr\u00e4gt etwa <span class=\"s1\">15 Arbeitstage<\/span> nach Freigabe der Grafik. Wir bieten <span class=\"s1\">vollfl\u00e4chigen, fotorealistischen Vierfarbdruck<\/span> auf der gesamten Verpackung \u2013 <span class=\"s1\">ohne zus\u00e4tzliche Kosten<\/span> f\u00fcr Farben oder Druckformen. Individuelle Kaugummis mit Ihrem eigenen Design sind bereits ab <span class=\"s1\">250 St\u00fcck<\/span> erh\u00e4ltlich.<\/p>\n<p class=\"p1\">Die im Katalog angegebenen Preise verstehen sich <span class=\"s1\">ohne MwSt. <\/span>Versandkosten sind nicht enthalten.<\/p>\n<p class=\"p1\">Lieferung: ca. <span class=\"s1\">15 Tage<\/span> nach Erhalt der Bestellung mit genehmigter Grafik. Der Druck von <span class=\"s1\">1.000 St\u00fcck<\/span> kann aus verschiedenen Motiven bestehen. Mindestdruckmenge pro Motiv: <span class=\"s1\">250 St\u00fcck<\/span>.<\/p>\n<\/div><div class=\"toggle-links align_none\"><button class=\"collapsible-content-more\">Weiterlesen<\/button><button class=\"collapsible-content-less\">Weniger anzeigen<\/button><\/div><\/div><div class=\"w-hwrapper usg_hwrapper_3 align_none valign_middle\"><a class=\"w-btn us-btn-style_6 usg_btn_4 icon_atleft\" target=\"_blank\" href=\"https:\/\/anatex.sk\/de\/3d-flip-book\/premiove-draze-zuvacky\/\"><i class=\"fal fa-plus\"><\/i><span class=\"w-btn-label\">Durchbl\u00e4ttern<\/span><\/a><a class=\"w-btn us-btn-style_6 usg_btn_6 icon_atleft\" target=\"_blank\" href=\"https:\/\/anatex.sk\/wp-content\/uploads\/2024\/08\/reklamne-zuvacky.pdf\"><i class=\"fal fa-download\"><\/i><span class=\"w-btn-label\">Herunterladen<\/span><\/a><div class=\"w-html usg_html_2\">    <div class=\"catalog-item\">\n        <a href=\"https:\/\/anatex.sk\/de\/kontakt\/?betreff=Premium-Dragee-Kaugummis\" class=\"w-btn us-btn-style_6 usg_btn_3 icon_atleft\">\n            <i class=\"fas fa-calculator\" aria-hidden=\"true\"><\/i>\n            <span class=\"w-btn-label\">Anfrage<\/span>\n        <\/a>\n    <\/div>\n    <\/div><\/div><\/div><\/div>\t\t<\/div>\r\n\t\t\t<\/article>\r\n<\/div><div class=\"g-loadmore hidden\"><div class=\"g-preloader type_1\"><div><\/div><\/div><\/div><div class=\"w-grid-list-json hidden\" onclick='return {&quot;max_num_pages&quot;:0,&quot;paginationBase&quot;:&quot;page&quot;,&quot;pagination&quot;:&quot;none&quot;,&quot;paged&quot;:1,&quot;ajaxData&quot;:{&quot;action&quot;:&quot;us_ajax_post_list&quot;,&quot;meta_type&quot;:&quot;post&quot;,&quot;object_id&quot;:0,&quot;template_vars&quot;:{&quot;paged&quot;:1,&quot;max_num_pages&quot;:0,&quot;no_results&quot;:false,&quot;us_post_content_design_css&quot;:[],&quot;found_posts&quot;:0,&quot;source&quot;:&quot;post__in&quot;,&quot;custom_field_name&quot;:&quot;&quot;,&quot;ids&quot;:&quot;5501&quot;,&quot;post_type&quot;:&quot;katalogy&quot;,&quot;attachment_ids&quot;:null,&quot;include_post_thumbnail&quot;:0,&quot;post_author&quot;:&quot;any&quot;,&quot;post_author_ids&quot;:&quot;&quot;,&quot;apply_url_params&quot;:0,&quot;exclude_children&quot;:0,&quot;exclude_current_post&quot;:&quot;0&quot;,&quot;exclude_prev_posts&quot;:0,&quot;enable_items_offset&quot;:0,&quot;items_offset&quot;:&quot;1&quot;,&quot;tax_query_relation&quot;:&quot;AND&quot;,&quot;tax_query&quot;:&quot;%5B%5D&quot;,&quot;meta_query_relation&quot;:&quot;none&quot;,&quot;meta_query&quot;:[{&quot;key&quot;:&quot;custom_field_name&quot;,&quot;compare&quot;:&quot;=&quot;,&quot;value&quot;:&quot;&quot;}],&quot;orderby&quot;:&quot;date&quot;,&quot;orderby_custom_field&quot;:&quot;&quot;,&quot;orderby_custom_type&quot;:0,&quot;order_invert&quot;:0,&quot;show_all&quot;:0,&quot;quantity&quot;:&quot;12&quot;,&quot;posts_per_archive_page&quot;:0,&quot;no_items_action&quot;:&quot;message&quot;,&quot;no_items_message&quot;:&quot;Es wurden keine Ergebnisse gefunden.&quot;,&quot;no_items_page_block&quot;:&quot;&quot;,&quot;pagination&quot;:&quot;none&quot;,&quot;pagination_style&quot;:&quot;&quot;,&quot;pagination_btn_text&quot;:&quot;Mehr laden&quot;,&quot;pagination_btn_size&quot;:&quot;&quot;,&quot;pagination_btn_style&quot;:&quot;1&quot;,&quot;pagination_btn_fullwidth&quot;:0,&quot;items_layout&quot;:&quot;719&quot;,&quot;type&quot;:&quot;grid&quot;,&quot;items_valign&quot;:0,&quot;ignore_items_size&quot;:0,&quot;columns&quot;:&quot;2&quot;,&quot;items_gap&quot;:&quot;1rem&quot;,&quot;load_animation&quot;:&quot;none&quot;,&quot;items_preload_style&quot;:&quot;spinner&quot;,&quot;img_size&quot;:&quot;default&quot;,&quot;title_size&quot;:&quot;&quot;,&quot;items_ratio&quot;:&quot;default&quot;,&quot;items_ratio_width&quot;:&quot;21&quot;,&quot;items_ratio_height&quot;:&quot;9&quot;,&quot;overriding_link&quot;:&quot;%7B%22url%22%3A%22%22%7D&quot;,&quot;popup_page_template&quot;:&quot;0&quot;,&quot;popup_width&quot;:&quot;&quot;,&quot;popup_arrows&quot;:1,&quot;breakpoint_1_width&quot;:&quot;1381px&quot;,&quot;breakpoint_1_cols&quot;:&quot;default&quot;,&quot;breakpoint_1_quantity&quot;:&quot;&quot;,&quot;breakpoint_1_gap&quot;:&quot;&quot;,&quot;breakpoint_2_width&quot;:&quot;1091px&quot;,&quot;breakpoint_2_cols&quot;:&quot;2&quot;,&quot;breakpoint_2_quantity&quot;:&quot;&quot;,&quot;breakpoint_2_gap&quot;:&quot;&quot;,&quot;breakpoint_3_width&quot;:&quot;601px&quot;,&quot;breakpoint_3_cols&quot;:&quot;1&quot;,&quot;breakpoint_3_quantity&quot;:&quot;&quot;,&quot;breakpoint_3_gap&quot;:&quot;&quot;,&quot;conditions_operator&quot;:&quot;always&quot;,&quot;conditions&quot;:[],&quot;css&quot;:null,&quot;el_class&quot;:&quot;&quot;,&quot;el_id&quot;:&quot;&quot;,&quot;enable_custom_html_atts&quot;:0,&quot;custom_html_atts&quot;:null,&quot;hide_on_states&quot;:&quot;&quot;,&quot;hide_for_sticky&quot;:0,&quot;hide_for_not_sticky&quot;:0,&quot;hide_below&quot;:&quot;0px&quot;,&quot;hide_above&quot;:&quot;0px&quot;,&quot;classes&quot;:&quot;&quot;}},&quot;facetedFilter&quot;:[]}'><\/div><\/div><\/div><\/div><\/div><\/div><\/div><\/section><section class=\"l-section wpb_row us_custom_e038e7e6 height_medium\"><div class=\"l-section-h i-cf\"><div class=\"g-cols vc_row via_flex valign_top type_default stacking_default\"><div class=\"vc_col-sm-12 wpb_column vc_column_container\"><div class=\"vc_column-inner\"><div class=\"wpb_wrapper\"><div class=\"wpb_text_column tabulka-posun-vpravo\"><div class=\"wpb_wrapper\"><table>\n<thead>\n<tr>\n<th>\n<p class=\"p1\"><b>Anzahl der einzeln verpackten Kaugummis<\/b><\/p>\n<\/th>\n<th>\n<p class=\"p1\"><b>Code QI<\/b><\/p>\n<\/th>\n<th>\n<p class=\"p1\"><b>Preis\/Stk<\/b><\/p>\n<\/th>\n<th>\n<p class=\"p1\"><b>Paketpreis bei Bestellung von 200 Stk<\/b><\/p>\n<\/th>\n<th>\n<p class=\"p1\"><b>Paketpreis bei Bestellung von 1000 Stk<\/b><\/p>\n<\/th>\n<th>\n<p class=\"p1\"><b>Verpackung<\/b><\/p>\n<\/th>\n<\/tr>\n<\/thead>\n<tbody>\n<tr>\n<td>\n<p class=\"p1\">ab 200 Stk \u2013 1000 Stk<\/p>\n<\/td>\n<td>\n<p class=\"p1\">635-RZ250-1000<\/p>\n<\/td>\n<td>\n<p class=\"p1\">0,110 \u20ac<\/p>\n<\/td>\n<td>\n<p class=\"p1\">22,00 \u20ac<\/p>\n<\/td>\n<td>\n<p class=\"p1\">110,00 \u20ac<\/p>\n<\/td>\n<td>\n<p class=\"p1\">Verpackung zu 200 Stk im Beutel<\/p>\n<\/td>\n<\/tr>\n<tr>\n<td>\n<p class=\"p1\">1000 Stk \u2013 5000 Stk<\/p>\n<\/td>\n<td>\n<p class=\"p1\">635-RZ1000-5000<\/p>\n<\/td>\n<td>\n<p class=\"p1\">0,100 \u20ac<\/p>\n<\/td>\n<td>\n<p class=\"p1\">\u2014<\/p>\n<\/td>\n<td>\n<p class=\"p1\">100,00 \u20ac<\/p>\n<\/td>\n<td>\n<p class=\"p1\">Verpackung zu 1000 Stk im Karton<\/p>\n<\/td>\n<\/tr>\n<tr>\n<td>\n<p class=\"p1\">5001 Stk \u2013 20000 Stk<\/p>\n<\/td>\n<td>\n<p class=\"p1\">635-RZ5001-20000<\/p>\n<\/td>\n<td>\n<p class=\"p1\">0,090 \u20ac<\/p>\n<\/td>\n<td>\n<p class=\"p1\">\u2014<\/p>\n<\/td>\n<td>\n<p class=\"p1\">90,00 \u20ac<\/p>\n<\/td>\n<td>\n<p class=\"p1\">Verpackung zu 1000 Stk im Karton<\/p>\n<\/td>\n<\/tr>\n<tr>\n<td>\n<p class=\"p1\">20001 Stk \u2013 100000 Stk<\/p>\n<\/td>\n<td>\n<p class=\"p1\">635-RZ20001-100000<\/p>\n<\/td>\n<td>\n<p class=\"p1\">0,080 \u20ac<\/p>\n<\/td>\n<td>\n<p class=\"p1\">\u2014<\/p>\n<\/td>\n<td>\n<p class=\"p1\">80,00 \u20ac<\/p>\n<\/td>\n<td>\n<p class=\"p1\">Verpackung zu 1000 Stk im Karton<\/p>\n<\/td>\n<\/tr>\n<\/tbody>\n<\/table>\n<\/div><\/div><\/div><\/div><\/div><\/div><\/div><\/section>\n","protected":false},"excerpt":{"rendered":"Unsere Premium-Dragee-Kaugummis enthalten weder Zucker noch den k\u00fcnstlichen S\u00fc\u00dfstoff Aspartam. Sie sind erfrischend, langanhaltend und v\u00f6llig frei von k\u00fcnstlichen Farb- und Aromastoffen. Die Kaugummis werden f\u00fcr uns aus den hochwertigsten Rohstoffen in der Schweiz hergestellt und in zwei der beliebtesten Geschmacksrichtungen nach Slowakei geliefert: Pfefferminz (Peppermint) und Spearmint. Alle unsere Kaugummis werden einzeln verpackt und...","protected":false},"author":1,"featured_media":4090,"parent":4076,"menu_order":0,"comment_status":"closed","ping_status":"closed","template":"","meta":{"_acf_changed":false,"footnotes":""},"class_list":["post-4089","page","type-page","status-publish","has-post-thumbnail","hentry"],"acf":[],"_links":{"self":[{"href":"https:\/\/anatex.sk\/de\/wp-json\/wp\/v2\/pages\/4089","targetHints":{"allow":["GET"]}}],"collection":[{"href":"https:\/\/anatex.sk\/de\/wp-json\/wp\/v2\/pages"}],"about":[{"href":"https:\/\/anatex.sk\/de\/wp-json\/wp\/v2\/types\/page"}],"author":[{"embeddable":true,"href":"https:\/\/anatex.sk\/de\/wp-json\/wp\/v2\/users\/1"}],"replies":[{"embeddable":true,"href":"https:\/\/anatex.sk\/de\/wp-json\/wp\/v2\/comments?post=4089"}],"version-history":[{"count":4,"href":"https:\/\/anatex.sk\/de\/wp-json\/wp\/v2\/pages\/4089\/revisions"}],"predecessor-version":[{"id":5728,"href":"https:\/\/anatex.sk\/de\/wp-json\/wp\/v2\/pages\/4089\/revisions\/5728"}],"up":[{"embeddable":true,"href":"https:\/\/anatex.sk\/de\/wp-json\/wp\/v2\/pages\/4076"}],"wp:featuredmedia":[{"embeddable":true,"href":"https:\/\/anatex.sk\/de\/wp-json\/wp\/v2\/media\/4090"}],"wp:attachment":[{"href":"https:\/\/anatex.sk\/de\/wp-json\/wp\/v2\/media?parent=4089"}],"curies":[{"name":"wp","href":"https:\/\/api.w.org\/{rel}","templated":true}]}}