{"id":4098,"date":"2024-08-06T20:34:01","date_gmt":"2024-08-06T18:34:01","guid":{"rendered":"https:\/\/anatex.sk\/unser-angebot\/kalendare-a-diare\/"},"modified":"2025-11-16T09:07:29","modified_gmt":"2025-11-16T08:07:29","slug":"kalender-planer-und-neujahrskarten","status":"publish","type":"page","link":"https:\/\/anatex.sk\/de\/unser-angebot\/kalender-planer-und-neujahrskarten\/","title":{"rendered":"Kalender, Planer und Neujahrskarten"},"content":{"rendered":"<section class=\"l-section wpb_row us_custom_0fb0f71f height_small\"><div class=\"l-section-h i-cf\"><div class=\"g-cols vc_row via_flex valign_middle type_default stacking_default\"><div class=\"vc_col-sm-12 wpb_column vc_column_container\"><div class=\"vc_column-inner\"><div class=\"wpb_wrapper\"><div class=\"wpb_text_column us_custom_56f2dd89\"><div class=\"wpb_wrapper\"><p class=\"p1\">Kataloge der Kalender, Planer und Neujahrskarten<\/p>\n<\/div><\/div><div class=\"w-grid us_post_list type_grid layout_719 cols_2 preload_style_spinner\" id=\"us_post_list_q95b\" style=\"--columns:2;--gap:1rem;\"><style>@media (max-width:600px){#us_post_list_q95b{--columns:1!important}}.layout_719 .w-grid-item-h{background:var(--color-content-bg)}.layout_719 .usg_hwrapper_2{transition-duration:0.3s;transform-origin:50% 50%;transform:scale(1) translate(0%,0%)}.layout_719 .w-grid-item-h:focus-within .usg_hwrapper_2,.layout_719 .w-grid-item-h:hover .usg_hwrapper_2{transform:scale(1) translate(0%,0%);opacity:1;border-color:var(--color-header-top-text)!important}.layout_719 .usg_vwrapper_1{width:60%!important;padding-left:20px!important}.layout_719 .usg_post_image_1{width:40%!important}.layout_719 .usg_post_title_1{font-size:16px!important;letter-spacing:0.04em!important;font-family:var(--font-family)!important;font-weight:600!important;margin-top:1rem!important}.layout_719 .usg_post_content_1{font-size:14px!important;line-height:24px!important;letter-spacing:0.04em!important}.layout_719 .usg_hwrapper_2{height:100%!important;padding:20px 30px 20px 30px!important;border:1px solid transparent!important;box-shadow:0 0 50px 0 var(--color-chrome-toolbar)!important}.layout_719 .usg_post_content_2{font-size:14px!important;line-height:24px!important;letter-spacing:0.04em!important}.layout_719 .usg_post_content_3{font-size:14px!important;line-height:24px!important;letter-spacing:0.04em!important}@media (min-width:1091px) and (max-width:1380px){.layout_719 .usg_vwrapper_1{width:60%!important;padding-left:20px!important}.layout_719 .usg_post_image_1{width:40%!important}}@media (min-width:601px) and (max-width:1090px){.layout_719 .usg_vwrapper_1{width:60%!important;padding-left:20px!important}.layout_719 .usg_post_image_1{width:40%!important}}@media (max-width:600px){.layout_719 .usg_vwrapper_1{width:100%!important;padding-left:0px!important}.layout_719 .usg_post_image_1{width:100%!important}}<\/style><div class=\"w-grid-list\">\t<article class=\"w-grid-item size_1x1 post-5556 katalogy type-katalogy status-publish has-post-thumbnail hentry category-kalender\" data-id=\"5556\">\r\n\t\t<div class=\"w-grid-item-h\">\r\n\t\t\t\t\t\t<div class=\"w-hwrapper usg_hwrapper_2 two-vertical align_none valign_middle\" style=\"--hwrapper-gap:1rem\"><div class=\"w-post-elm post_image usg_post_image_1 has_width has_ratio\"><a href=\"https:\/\/anatex.sk\/de\/3d-flip-book\/katalog-kalendarov-diarov-a-novoroceniek\/\" aria-label=\"Katalog der KALENDER, PLANER UND NEUJAHRSKARTEN\"><img loading=\"lazy\" decoding=\"async\" width=\"300\" height=\"300\" src=\"https:\/\/anatex.sk\/wp-content\/uploads\/2024\/08\/KALENDARE-obalka-205x246-1-1.png\" class=\"attachment-woocommerce_thumbnail size-woocommerce_thumbnail wp-post-image\" alt=\"\"><\/a><div style=\"padding-bottom:133.3333%\"><\/div><\/div><div class=\"w-vwrapper usg_vwrapper_1 align_none valign_middle\" style=\"--vwrapper-gap:1rem\"><div class=\"w-post-elm post_title usg_post_title_1 entry-title color_link_inherit\">Katalog der KALENDER, PLANER UND NEUJAHRSKARTEN<\/div><div class=\"w-post-elm post_content usg_post_content_2 with_collapsible_content\" data-content-height=\"150px\"><div><p class=\"p1\">Bleiben Sie das ganze Jahr \u00fcber f\u00fcr Ihre Kunden und Gesch\u00e4ftspartner sichtbar. Wandkalender, Planer und Neujahrskarten geh\u00f6ren zu den bew\u00e4hrten Klassikern unter den Werbeartikeln. Dieser Katalog beweist, dass auch in der Slowakei hergestellte Werbeartikel zu Ihrem Erfolg beitragen k\u00f6nnen.<\/p>\n<\/div><div class=\"toggle-links align_none\"><button class=\"collapsible-content-more\">Weiterlesen<\/button><button class=\"collapsible-content-less\">Weniger anzeigen<\/button><\/div><\/div><div class=\"w-hwrapper usg_hwrapper_3 align_none valign_middle\"><a class=\"w-btn us-btn-style_6 usg_btn_4 icon_atleft\" target=\"_blank\" href=\"https:\/\/anatex.sk\/de\/3d-flip-book\/katalog-kalendarov-diarov-a-novoroceniek\/\"><i class=\"fal fa-plus\"><\/i><span class=\"w-btn-label\">Durchbl\u00e4ttern<\/span><\/a><a class=\"w-btn us-btn-style_6 usg_btn_6 icon_atleft\" target=\"_blank\" href=\"https:\/\/anatex.sk\/wp-content\/uploads\/2024\/08\/Katalog-kalendare.pdf\"><i class=\"fal fa-download\"><\/i><span class=\"w-btn-label\">Herunterladen<\/span><\/a><div class=\"w-html usg_html_2\">    <div class=\"catalog-item\">\n        <a href=\"https:\/\/anatex.sk\/de\/kontakt\/?betreff=Katalog%20der%20KALENDER%2C%20PLANER%20UND%20NEUJAHRSKARTEN\" class=\"w-btn us-btn-style_6 usg_btn_3 icon_atleft\">\n            <i class=\"fas fa-calculator\" aria-hidden=\"true\"><\/i>\n            <span class=\"w-btn-label\">Anfrage<\/span>\n        <\/a>\n    <\/div>\n    <\/div><\/div><\/div><\/div>\t\t<\/div>\r\n\t\t\t<\/article>\r\n<\/div><div class=\"g-loadmore hidden\"><div class=\"g-preloader type_1\"><div><\/div><\/div><\/div><div class=\"w-grid-list-json hidden\" onclick='return {&quot;max_num_pages&quot;:0,&quot;paginationBase&quot;:&quot;page&quot;,&quot;pagination&quot;:&quot;none&quot;,&quot;paged&quot;:1,&quot;ajaxData&quot;:{&quot;action&quot;:&quot;us_ajax_post_list&quot;,&quot;meta_type&quot;:&quot;post&quot;,&quot;object_id&quot;:0,&quot;template_vars&quot;:{&quot;paged&quot;:1,&quot;max_num_pages&quot;:0,&quot;no_results&quot;:false,&quot;us_post_content_design_css&quot;:[],&quot;found_posts&quot;:0,&quot;source&quot;:&quot;all&quot;,&quot;custom_field_name&quot;:&quot;&quot;,&quot;ids&quot;:&quot;&quot;,&quot;post_type&quot;:&quot;katalogy&quot;,&quot;attachment_ids&quot;:null,&quot;include_post_thumbnail&quot;:0,&quot;post_author&quot;:&quot;any&quot;,&quot;post_author_ids&quot;:&quot;&quot;,&quot;apply_url_params&quot;:0,&quot;exclude_children&quot;:0,&quot;exclude_current_post&quot;:&quot;0&quot;,&quot;exclude_prev_posts&quot;:0,&quot;enable_items_offset&quot;:0,&quot;items_offset&quot;:&quot;1&quot;,&quot;tax_query_relation&quot;:&quot;AND&quot;,&quot;tax_query&quot;:&quot;%5B%7B%22operator%22%3A%22IN%22%2C%22taxonomy%22%3A%22category%22%2C%22terms%22%3A%2250%22%2C%22include_children%22%3A%220%22%7D%5D&quot;,&quot;meta_query_relation&quot;:&quot;none&quot;,&quot;meta_query&quot;:[{&quot;key&quot;:&quot;custom_field_name&quot;,&quot;compare&quot;:&quot;=&quot;,&quot;value&quot;:&quot;&quot;}],&quot;orderby&quot;:&quot;date&quot;,&quot;orderby_custom_field&quot;:&quot;&quot;,&quot;orderby_custom_type&quot;:0,&quot;order_invert&quot;:0,&quot;show_all&quot;:0,&quot;quantity&quot;:&quot;12&quot;,&quot;posts_per_archive_page&quot;:0,&quot;no_items_action&quot;:&quot;message&quot;,&quot;no_items_message&quot;:&quot;Es wurden keine Ergebnisse gefunden.&quot;,&quot;no_items_page_block&quot;:&quot;&quot;,&quot;pagination&quot;:&quot;none&quot;,&quot;pagination_style&quot;:&quot;&quot;,&quot;pagination_btn_text&quot;:&quot;Mehr laden&quot;,&quot;pagination_btn_size&quot;:&quot;&quot;,&quot;pagination_btn_style&quot;:&quot;1&quot;,&quot;pagination_btn_fullwidth&quot;:0,&quot;items_layout&quot;:&quot;719&quot;,&quot;type&quot;:&quot;grid&quot;,&quot;items_valign&quot;:0,&quot;ignore_items_size&quot;:0,&quot;columns&quot;:&quot;2&quot;,&quot;items_gap&quot;:&quot;1rem&quot;,&quot;load_animation&quot;:&quot;none&quot;,&quot;items_preload_style&quot;:&quot;spinner&quot;,&quot;img_size&quot;:&quot;default&quot;,&quot;title_size&quot;:&quot;&quot;,&quot;items_ratio&quot;:&quot;default&quot;,&quot;items_ratio_width&quot;:&quot;21&quot;,&quot;items_ratio_height&quot;:&quot;9&quot;,&quot;overriding_link&quot;:&quot;%7B%22url%22%3A%22%22%7D&quot;,&quot;popup_page_template&quot;:&quot;0&quot;,&quot;popup_width&quot;:&quot;&quot;,&quot;popup_arrows&quot;:1,&quot;breakpoint_1_width&quot;:&quot;1381px&quot;,&quot;breakpoint_1_cols&quot;:&quot;default&quot;,&quot;breakpoint_1_quantity&quot;:&quot;&quot;,&quot;breakpoint_1_gap&quot;:&quot;&quot;,&quot;breakpoint_2_width&quot;:&quot;1091px&quot;,&quot;breakpoint_2_cols&quot;:&quot;2&quot;,&quot;breakpoint_2_quantity&quot;:&quot;&quot;,&quot;breakpoint_2_gap&quot;:&quot;&quot;,&quot;breakpoint_3_width&quot;:&quot;601px&quot;,&quot;breakpoint_3_cols&quot;:&quot;1&quot;,&quot;breakpoint_3_quantity&quot;:&quot;&quot;,&quot;breakpoint_3_gap&quot;:&quot;&quot;,&quot;conditions_operator&quot;:&quot;always&quot;,&quot;conditions&quot;:[],&quot;css&quot;:null,&quot;el_class&quot;:&quot;&quot;,&quot;el_id&quot;:&quot;&quot;,&quot;enable_custom_html_atts&quot;:0,&quot;custom_html_atts&quot;:null,&quot;hide_on_states&quot;:&quot;&quot;,&quot;hide_for_sticky&quot;:0,&quot;hide_for_not_sticky&quot;:0,&quot;hide_below&quot;:&quot;0px&quot;,&quot;hide_above&quot;:&quot;0px&quot;,&quot;classes&quot;:&quot;&quot;}},&quot;facetedFilter&quot;:[]}'><\/div><\/div><\/div><\/div><\/div><\/div><\/div><\/section>\n","protected":false},"excerpt":{"rendered":"Bleiben Sie das ganze Jahr \u00fcber f\u00fcr Ihre Kunden und Gesch\u00e4ftspartner sichtbar. Wandkalender, Planer und Neujahrskarten geh\u00f6ren zu den bew\u00e4hrten Klassikern unter den Werbeartikeln. Dieser Katalog beweist, dass auch in der Slowakei hergestellte Werbeartikel zu Ihrem Erfolg beitragen k\u00f6nnen.","protected":false},"author":1,"featured_media":4100,"parent":4032,"menu_order":0,"comment_status":"closed","ping_status":"closed","template":"","meta":{"_acf_changed":false,"footnotes":""},"class_list":["post-4098","page","type-page","status-publish","has-post-thumbnail","hentry"],"acf":[],"_links":{"self":[{"href":"https:\/\/anatex.sk\/de\/wp-json\/wp\/v2\/pages\/4098","targetHints":{"allow":["GET"]}}],"collection":[{"href":"https:\/\/anatex.sk\/de\/wp-json\/wp\/v2\/pages"}],"about":[{"href":"https:\/\/anatex.sk\/de\/wp-json\/wp\/v2\/types\/page"}],"author":[{"embeddable":true,"href":"https:\/\/anatex.sk\/de\/wp-json\/wp\/v2\/users\/1"}],"replies":[{"embeddable":true,"href":"https:\/\/anatex.sk\/de\/wp-json\/wp\/v2\/comments?post=4098"}],"version-history":[{"count":6,"href":"https:\/\/anatex.sk\/de\/wp-json\/wp\/v2\/pages\/4098\/revisions"}],"predecessor-version":[{"id":6466,"href":"https:\/\/anatex.sk\/de\/wp-json\/wp\/v2\/pages\/4098\/revisions\/6466"}],"up":[{"embeddable":true,"href":"https:\/\/anatex.sk\/de\/wp-json\/wp\/v2\/pages\/4032"}],"wp:featuredmedia":[{"embeddable":true,"href":"https:\/\/anatex.sk\/de\/wp-json\/wp\/v2\/media\/4100"}],"wp:attachment":[{"href":"https:\/\/anatex.sk\/de\/wp-json\/wp\/v2\/media?parent=4098"}],"curies":[{"name":"wp","href":"https:\/\/api.w.org\/{rel}","templated":true}]}}