{"id":4626,"date":"2024-08-16T23:38:29","date_gmt":"2024-08-16T21:38:29","guid":{"rendered":"https:\/\/anatex.sk\/unser-angebot\/werbeartikel\/individuelle-werbeartikel\/mikrovlaknova-utierka-na-okuliare\/"},"modified":"2025-11-12T22:40:03","modified_gmt":"2025-11-12T21:40:03","slug":"mikrofasertuch-fuer-brillen","status":"publish","type":"page","link":"https:\/\/anatex.sk\/de\/unser-angebot\/werbeartikel\/individuelle-werbeartikel\/mikrofasertuch-fuer-brillen\/","title":{"rendered":"Mikrofasertuch f\u00fcr Brillen"},"content":{"rendered":"<section class=\"l-section wpb_row us_custom_0fb0f71f height_medium\"><div class=\"l-section-h i-cf\"><div class=\"g-cols vc_row via_flex valign_middle type_default stacking_default\"><div class=\"vc_col-sm-12 wpb_column vc_column_container\"><div class=\"vc_column-inner\"><div class=\"wpb_wrapper\"><div class=\"wpb_text_column\"><div class=\"wpb_wrapper\"><table>\n<thead>\n<tr>\n<th>\n<p class=\"p1\"><b>Mindestbestellmenge:<\/b><\/p>\n<\/th>\n<th>\n<p class=\"p1\"><b>100 Stk<\/b><\/p>\n<\/th>\n<\/tr>\n<\/thead>\n<tbody>\n<tr>\n<td>\n<p class=\"p1\"><b>Gr\u00f6\u00dfe:<\/b><\/p>\n<\/td>\n<td>\n<p class=\"p1\">18 x 13 cm<\/p>\n<\/td>\n<\/tr>\n<tr>\n<td>\n<p class=\"p1\"><b>Verpackung:<\/b><\/p>\n<\/td>\n<td>\n<p class=\"p1\">einzeln in Zellophan verpackt<\/p>\n<\/td>\n<\/tr>\n<tr>\n<td>\n<p class=\"p1\"><b>Druck:<\/b><\/p>\n<\/td>\n<td>\n<p class=\"p1\">einseitiger CMYK-Sublimationsdruck \u00fcber die gesamte Fl\u00e4che. Aufgrund der Technologie kann eine exakte Farbwiedergabe nicht garantiert werden.<\/p>\n<\/td>\n<\/tr>\n<tr>\n<td>\n<p class=\"p1\"><b>Lieferzeit:<\/b><\/p>\n<\/td>\n<td>\n<p class=\"p1\">5\u201310 Arbeitstage nach Freigabe des Entwurfs oder Musters.<\/p>\n<\/td>\n<\/tr>\n<tr>\n<td>\n<p class=\"p1\"><b>Druckvorbereitung:<\/b><\/p>\n<\/td>\n<td>\n<p class=\"p1\">17 \u20ac + MwSt.<\/p>\n<\/td>\n<\/tr>\n<tr>\n<td>\n<p class=\"p1\"><b>Alternativen:<\/b><\/p>\n<\/td>\n<td>\n<p class=\"p1\">15 x 15 cm, 15 x 20 cm, RPET, verschiedene Mikrofaserst\u00e4rken<\/p>\n<\/td>\n<\/tr>\n<\/tbody>\n<\/table>\n<\/div><\/div><\/div><\/div><\/div><\/div><\/div><\/section><section class=\"l-section wpb_row us_custom_0fb0f71f height_medium\"><div class=\"l-section-h i-cf\"><div class=\"g-cols vc_row via_flex valign_middle type_default stacking_default\"><div class=\"vc_col-sm-6 wpb_column vc_column_container\"><div class=\"vc_column-inner\"><div class=\"wpb_wrapper\"><div class=\"w-image align_none\"><div class=\"w-image-h\"><img decoding=\"async\" width=\"600\" height=\"279\" src=\"https:\/\/anatex.sk\/wp-content\/uploads\/2024\/08\/utierka-banner.png\" class=\"attachment-large size-large\" alt=\"\" loading=\"lazy\" srcset=\"https:\/\/anatex.sk\/wp-content\/uploads\/2024\/08\/utierka-banner.png 600w, https:\/\/anatex.sk\/wp-content\/uploads\/2024\/08\/utierka-banner-300x140.png 300w\" sizes=\"auto, (max-width: 600px) 100vw, 600px\"><\/div><\/div><\/div><\/div><\/div><div class=\"vc_col-sm-6 wpb_column vc_column_container has_bg_color\"><div class=\"vc_column-inner us_custom_057801f8\"><div class=\"wpb_wrapper\"><div class=\"wpb_text_column\"><div class=\"wpb_wrapper\"><table>\n<thead>\n<tr>\n<th>\n<p class=\"p1\"><b>Menge<\/b><\/p>\n<\/th>\n<th>\n<p class=\"p1\"><b>Preis \/ Stk + MwSt<\/b><\/p>\n<\/th>\n<\/tr>\n<\/thead>\n<tbody>\n<tr>\n<td>\n<p class=\"p1\">100 Stk<\/p>\n<\/td>\n<td>\n<p class=\"p1\">1,10 \u20ac<\/p>\n<\/td>\n<\/tr>\n<tr>\n<td>\n<p class=\"p1\">250 Stk<\/p>\n<\/td>\n<td>\n<p class=\"p1\">1,05 \u20ac<\/p>\n<\/td>\n<\/tr>\n<tr>\n<td>\n<p class=\"p1\">500 Stk<\/p>\n<\/td>\n<td>\n<p class=\"p1\">0,92 \u20ac<\/p>\n<\/td>\n<\/tr>\n<tr>\n<td>\n<p class=\"p1\">1000 Stk<\/p>\n<\/td>\n<td>\n<p class=\"p1\">0,90 \u20ac<\/p>\n<\/td>\n<\/tr>\n<tr>\n<td>\n<p class=\"p1\">2500 Stk<\/p>\n<\/td>\n<td>\n<p class=\"p1\">0,85 \u20ac<\/p>\n<\/td>\n<\/tr>\n<tr>\n<td>\n<p class=\"p1\">5000 Stk<\/p>\n<\/td>\n<td>\n<p class=\"p1\">0,82 \u20ac<\/p>\n<\/td>\n<\/tr>\n<\/tbody>\n<\/table>\n<\/div><\/div><\/div><\/div><\/div><\/div><\/div><\/section>\n","protected":false},"excerpt":{"rendered":"Mindestbestellmenge: 100 Stk Gr\u00f6\u00dfe: 18 x 13 cm Verpackung: einzeln in Zellophan verpackt Druck: einseitiger CMYK-Sublimationsdruck \u00fcber die gesamte Fl\u00e4che. Aufgrund der Technologie kann eine exakte Farbwiedergabe nicht garantiert werden. Lieferzeit: 5\u201310 Arbeitstage nach Freigabe des Entwurfs oder Musters. Druckvorbereitung: 17 \u20ac + MwSt. Alternativen: 15 x 15 cm, 15 x 20 cm, RPET, verschiedene...","protected":false},"author":1,"featured_media":0,"parent":4530,"menu_order":0,"comment_status":"closed","ping_status":"closed","template":"","meta":{"_acf_changed":false,"footnotes":""},"class_list":["post-4626","page","type-page","status-publish","hentry"],"acf":[],"_links":{"self":[{"href":"https:\/\/anatex.sk\/de\/wp-json\/wp\/v2\/pages\/4626","targetHints":{"allow":["GET"]}}],"collection":[{"href":"https:\/\/anatex.sk\/de\/wp-json\/wp\/v2\/pages"}],"about":[{"href":"https:\/\/anatex.sk\/de\/wp-json\/wp\/v2\/types\/page"}],"author":[{"embeddable":true,"href":"https:\/\/anatex.sk\/de\/wp-json\/wp\/v2\/users\/1"}],"replies":[{"embeddable":true,"href":"https:\/\/anatex.sk\/de\/wp-json\/wp\/v2\/comments?post=4626"}],"version-history":[{"count":6,"href":"https:\/\/anatex.sk\/de\/wp-json\/wp\/v2\/pages\/4626\/revisions"}],"predecessor-version":[{"id":5922,"href":"https:\/\/anatex.sk\/de\/wp-json\/wp\/v2\/pages\/4626\/revisions\/5922"}],"up":[{"embeddable":true,"href":"https:\/\/anatex.sk\/de\/wp-json\/wp\/v2\/pages\/4530"}],"wp:attachment":[{"href":"https:\/\/anatex.sk\/de\/wp-json\/wp\/v2\/media?parent=4626"}],"curies":[{"name":"wp","href":"https:\/\/api.w.org\/{rel}","templated":true}]}}