{"id":4737,"date":"2024-08-06T20:34:34","date_gmt":"2024-08-06T18:34:34","guid":{"rendered":"https:\/\/anatex.sk\/unser-angebot\/reklamny-textil\/"},"modified":"2025-11-16T09:15:01","modified_gmt":"2025-11-16T08:15:01","slug":"werbetextilien","status":"publish","type":"page","link":"https:\/\/anatex.sk\/de\/unser-angebot\/werbetextilien\/","title":{"rendered":"Werbetextilien"},"content":{"rendered":"<section class=\"l-section wpb_row us_custom_0fb0f71f height_small\"><div class=\"l-section-h i-cf\"><div class=\"g-cols vc_row via_flex valign_middle type_default stacking_default\"><div class=\"vc_col-sm-12 wpb_column vc_column_container\"><div class=\"vc_column-inner\"><div class=\"wpb_wrapper\"><div class=\"wpb_text_column us_custom_56f2dd89\"><div class=\"wpb_wrapper\"><p class=\"p1\">Kataloge der Textilprodukte<\/p>\n<\/div><\/div><div class=\"w-grid us_post_list type_grid layout_719 cols_2 preload_style_spinner\" id=\"us_post_list_s16f\" style=\"--columns:2;--gap:1rem;\"><style>@media (max-width:600px){#us_post_list_s16f{--columns:1!important}}.layout_719 .w-grid-item-h{background:var(--color-content-bg)}.layout_719 .usg_hwrapper_2{transition-duration:0.3s;transform-origin:50% 50%;transform:scale(1) translate(0%,0%)}.layout_719 .w-grid-item-h:focus-within .usg_hwrapper_2,.layout_719 .w-grid-item-h:hover .usg_hwrapper_2{transform:scale(1) translate(0%,0%);opacity:1;border-color:var(--color-header-top-text)!important}.layout_719 .usg_vwrapper_1{width:60%!important;padding-left:20px!important}.layout_719 .usg_post_image_1{width:40%!important}.layout_719 .usg_post_title_1{font-size:16px!important;letter-spacing:0.04em!important;font-family:var(--font-family)!important;font-weight:600!important;margin-top:1rem!important}.layout_719 .usg_post_content_1{font-size:14px!important;line-height:24px!important;letter-spacing:0.04em!important}.layout_719 .usg_hwrapper_2{height:100%!important;padding:20px 30px 20px 30px!important;border:1px solid transparent!important;box-shadow:0 0 50px 0 var(--color-chrome-toolbar)!important}.layout_719 .usg_post_content_2{font-size:14px!important;line-height:24px!important;letter-spacing:0.04em!important}.layout_719 .usg_post_content_3{font-size:14px!important;line-height:24px!important;letter-spacing:0.04em!important}@media (min-width:1091px) and (max-width:1380px){.layout_719 .usg_vwrapper_1{width:60%!important;padding-left:20px!important}.layout_719 .usg_post_image_1{width:40%!important}}@media (min-width:601px) and (max-width:1090px){.layout_719 .usg_vwrapper_1{width:60%!important;padding-left:20px!important}.layout_719 .usg_post_image_1{width:40%!important}}@media (max-width:600px){.layout_719 .usg_vwrapper_1{width:100%!important;padding-left:0px!important}.layout_719 .usg_post_image_1{width:100%!important}}<\/style><div class=\"w-grid-list\">\t<article class=\"w-grid-item size_1x1 post-5550 katalogy type-katalogy status-publish has-post-thumbnail hentry category-werbetextilien\" data-id=\"5550\">\r\n\t\t<div class=\"w-grid-item-h\">\r\n\t\t\t\t\t\t<div class=\"w-hwrapper usg_hwrapper_2 two-vertical align_none valign_middle\" style=\"--hwrapper-gap:1rem\"><div class=\"w-post-elm post_image usg_post_image_1 has_width has_ratio\"><a href=\"https:\/\/anatex.sk\/de\/3d-flip-book\/katalog-reklamneho-textilu-tshirt-europe\/\" aria-label=\"Werbetextilien EUROPE TEXTIL\"><img loading=\"lazy\" decoding=\"async\" width=\"300\" height=\"300\" src=\"https:\/\/anatex.sk\/wp-content\/uploads\/2024\/08\/T-SHIRT-EUROPE-obalka-205x246-1.png\" class=\"attachment-woocommerce_thumbnail size-woocommerce_thumbnail wp-post-image\" alt=\"\"><\/a><div style=\"padding-bottom:133.3333%\"><\/div><\/div><div class=\"w-vwrapper usg_vwrapper_1 align_none valign_middle\" style=\"--vwrapper-gap:1rem\"><div class=\"w-post-elm post_title usg_post_title_1 entry-title color_link_inherit\">Werbetextilien EUROPE TEXTIL<\/div><div class=\"w-post-elm post_content usg_post_content_2 with_collapsible_content\" data-content-height=\"150px\"><div><p class=\"p1\">Suchen Sie hochwertige Werbetextilien zu sehr g\u00fcnstigen Preisen? Sie finden sie im Katalog verschiedener europ\u00e4ischer Marken unter Europe Textil. Wir liefern sie mit Werbedruck oder Stickerei.<\/p>\n<\/div><div class=\"toggle-links align_none\"><button class=\"collapsible-content-more\">Weiterlesen<\/button><button class=\"collapsible-content-less\">Weniger anzeigen<\/button><\/div><\/div><div class=\"w-hwrapper usg_hwrapper_3 align_none valign_middle\"><a class=\"w-btn us-btn-style_6 usg_btn_4 icon_atleft\" target=\"_blank\" href=\"https:\/\/anatex.sk\/de\/3d-flip-book\/katalog-reklamneho-textilu-tshirt-europe\/\"><i class=\"fal fa-plus\"><\/i><span class=\"w-btn-label\">Durchbl\u00e4ttern<\/span><\/a><div class=\"w-html usg_html_2\">    <div class=\"catalog-item\">\n        <a href=\"https:\/\/anatex.sk\/de\/kontakt\/?betreff=Werbetextilien%20EUROPE%20TEXTIL\" class=\"w-btn us-btn-style_6 usg_btn_3 icon_atleft\">\n            <i class=\"fas fa-calculator\" aria-hidden=\"true\"><\/i>\n            <span class=\"w-btn-label\">Anfrage<\/span>\n        <\/a>\n    <\/div>\n    <\/div><\/div><\/div><\/div>\t\t<\/div>\r\n\t\t\t<\/article>\r\n\t<article class=\"w-grid-item size_1x1 post-5544 katalogy type-katalogy status-publish has-post-thumbnail hentry category-werbetextilien\" data-id=\"5544\">\r\n\t\t<div class=\"w-grid-item-h\">\r\n\t\t\t\t\t\t<div class=\"w-hwrapper usg_hwrapper_2 two-vertical align_none valign_middle\" style=\"--hwrapper-gap:1rem\"><div class=\"w-post-elm post_image usg_post_image_1 has_width has_ratio\"><a href=\"https:\/\/anatex.sk\/de\/3d-flip-book\/reklamny-textil-malfini\/\" aria-label=\"Werbetextilien MALFINI\"><img loading=\"lazy\" decoding=\"async\" width=\"300\" height=\"300\" src=\"https:\/\/anatex.sk\/wp-content\/uploads\/2024\/08\/MALFINI-obalka-205x246-1.png\" class=\"attachment-woocommerce_thumbnail size-woocommerce_thumbnail wp-post-image\" alt=\"\"><\/a><div style=\"padding-bottom:133.3333%\"><\/div><\/div><div class=\"w-vwrapper usg_vwrapper_1 align_none valign_middle\" style=\"--vwrapper-gap:1rem\"><div class=\"w-post-elm post_title usg_post_title_1 entry-title color_link_inherit\">Werbetextilien MALFINI<\/div><div class=\"w-post-elm post_content usg_post_content_2 with_collapsible_content\" data-content-height=\"150px\"><div><p class=\"p1\">Haben Sie in anderen Katalogen nicht gefunden, was Sie gesucht haben? Probieren Sie die Kollektion der Marke MALFINI \u2013 sie k\u00f6nnte genau das Richtige f\u00fcr Sie sein.<\/p>\n<\/div><div class=\"toggle-links align_none\"><button class=\"collapsible-content-more\">Weiterlesen<\/button><button class=\"collapsible-content-less\">Weniger anzeigen<\/button><\/div><\/div><div class=\"w-hwrapper usg_hwrapper_3 align_none valign_middle\"><a class=\"w-btn us-btn-style_6 usg_btn_4 icon_atleft\" target=\"_blank\" href=\"https:\/\/anatex.sk\/de\/3d-flip-book\/reklamny-textil-malfini\/\"><i class=\"fal fa-plus\"><\/i><span class=\"w-btn-label\">Durchbl\u00e4ttern<\/span><\/a><div class=\"w-html usg_html_2\">    <div class=\"catalog-item\">\n        <a href=\"https:\/\/anatex.sk\/de\/kontakt\/?betreff=Werbetextilien%20MALFINI\" class=\"w-btn us-btn-style_6 usg_btn_3 icon_atleft\">\n            <i class=\"fas fa-calculator\" aria-hidden=\"true\"><\/i>\n            <span class=\"w-btn-label\">Anfrage<\/span>\n        <\/a>\n    <\/div>\n    <\/div><\/div><\/div><\/div>\t\t<\/div>\r\n\t\t\t<\/article>\r\n\t<article class=\"w-grid-item size_1x1 post-5538 katalogy type-katalogy status-publish has-post-thumbnail hentry category-werbetextilien\" data-id=\"5538\">\r\n\t\t<div class=\"w-grid-item-h\">\r\n\t\t\t\t\t\t<div class=\"w-hwrapper usg_hwrapper_2 two-vertical align_none valign_middle\" style=\"--hwrapper-gap:1rem\"><div class=\"w-post-elm post_image usg_post_image_1 has_width has_ratio\"><a href=\"https:\/\/anatex.sk\/de\/3d-flip-book\/reklamny-textil-sportove-a-pracovne-oblecenie-james-and-nicholson-a-myrtle-beach-novinky\/\" aria-label=\"Werbetextilien, Sport- und Arbeitskleidung James and Nicholson und Myrtle Beach \u2013 Neu\"><img loading=\"lazy\" decoding=\"async\" width=\"300\" height=\"300\" src=\"https:\/\/anatex.sk\/wp-content\/uploads\/2024\/08\/DAIBER-WORKWEAR-obalka-205x246-1.png\" class=\"attachment-woocommerce_thumbnail size-woocommerce_thumbnail wp-post-image\" alt=\"\"><\/a><div style=\"padding-bottom:133.3333%\"><\/div><\/div><div class=\"w-vwrapper usg_vwrapper_1 align_none valign_middle\" style=\"--vwrapper-gap:1rem\"><div class=\"w-post-elm post_title usg_post_title_1 entry-title color_link_inherit\">Werbetextilien, Sport- und Arbeitskleidung James and Nicholson und Myrtle Beach \u2013 Neu<\/div><div class=\"w-post-elm post_content usg_post_content_2 with_collapsible_content\" data-content-height=\"150px\"><div><p class=\"p1\">Werbetextilien sind die beste laufende Werbung, wirksam und unaufdringlich. Hochwertige T-Shirts, Poloshirts, Hemden, Sweatshirts, Jacken, Windbreaker, Westen, Sport- und Arbeitskleidung sowie andere Textilien dieser Marke sind auch in Bio-Baumwolle erh\u00e4ltlich. All dies liefern wir mit Werbedruck oder Stickerei.<\/p>\n<\/div><div class=\"toggle-links align_none\"><button class=\"collapsible-content-more\">Weiterlesen<\/button><button class=\"collapsible-content-less\">Weniger anzeigen<\/button><\/div><\/div><div class=\"w-hwrapper usg_hwrapper_3 align_none valign_middle\"><a class=\"w-btn us-btn-style_6 usg_btn_4 icon_atleft\" target=\"_blank\" href=\"https:\/\/anatex.sk\/de\/3d-flip-book\/reklamny-textil-sportove-a-pracovne-oblecenie-james-and-nicholson-a-myrtle-beach-novinky\/\"><i class=\"fal fa-plus\"><\/i><span class=\"w-btn-label\">Durchbl\u00e4ttern<\/span><\/a><div class=\"w-html usg_html_2\">    <div class=\"catalog-item\">\n        <a href=\"https:\/\/anatex.sk\/de\/kontakt\/?betreff=Werbetextilien%2C%20Sport-%20und%20Arbeitskleidung%20James%20and%20Nicholson%20und%20Myrtle%20Beach%20%E2%80%93%20Neu\" class=\"w-btn us-btn-style_6 usg_btn_3 icon_atleft\">\n            <i class=\"fas fa-calculator\" aria-hidden=\"true\"><\/i>\n            <span class=\"w-btn-label\">Anfrage<\/span>\n        <\/a>\n    <\/div>\n    <\/div><\/div><\/div><\/div>\t\t<\/div>\r\n\t\t\t<\/article>\r\n\t<article class=\"w-grid-item size_1x1 post-5529 katalogy type-katalogy status-publish has-post-thumbnail hentry category-werbetextilien\" data-id=\"5529\">\r\n\t\t<div class=\"w-grid-item-h\">\r\n\t\t\t\t\t\t<div class=\"w-hwrapper usg_hwrapper_2 two-vertical align_none valign_middle\" style=\"--hwrapper-gap:1rem\"><div class=\"w-post-elm post_image usg_post_image_1 has_width has_ratio\"><a href=\"https:\/\/anatex.sk\/de\/3d-flip-book\/reklamny-textil-sportove-a-pracovne-oblecenie-james-and-nicholson\/\" aria-label=\"Werbetextilien, Sport- und Arbeitskleidung James and Nicholson\"><img loading=\"lazy\" decoding=\"async\" width=\"300\" height=\"300\" src=\"https:\/\/anatex.sk\/wp-content\/uploads\/2024\/08\/DAIBER-obalka-205x246-1.png\" class=\"attachment-woocommerce_thumbnail size-woocommerce_thumbnail wp-post-image\" alt=\"\"><\/a><div style=\"padding-bottom:133.3333%\"><\/div><\/div><div class=\"w-vwrapper usg_vwrapper_1 align_none valign_middle\" style=\"--vwrapper-gap:1rem\"><div class=\"w-post-elm post_title usg_post_title_1 entry-title color_link_inherit\">Werbetextilien, Sport- und Arbeitskleidung James and Nicholson<\/div><div class=\"w-post-elm post_content usg_post_content_2 with_collapsible_content\" data-content-height=\"150px\"><div><p class=\"p1\">Werbetextilien sind die beste laufende Werbung, wirksam und unaufdringlich. Hochwertige T-Shirts, Poloshirts, Hemden, Sweatshirts, Jacken, Windbreaker, Westen, Sport- und Arbeitskleidung sowie andere Textilien dieser Marke sind auch in Bio-Baumwolle erh\u00e4ltlich. All dies liefern wir mit Werbedruck oder Stickerei.<\/p>\n<\/div><div class=\"toggle-links align_none\"><button class=\"collapsible-content-more\">Weiterlesen<\/button><button class=\"collapsible-content-less\">Weniger anzeigen<\/button><\/div><\/div><div class=\"w-hwrapper usg_hwrapper_3 align_none valign_middle\"><a class=\"w-btn us-btn-style_6 usg_btn_4 icon_atleft\" target=\"_blank\" href=\"https:\/\/anatex.sk\/de\/3d-flip-book\/reklamny-textil-sportove-a-pracovne-oblecenie-james-and-nicholson\/\"><i class=\"fal fa-plus\"><\/i><span class=\"w-btn-label\">Durchbl\u00e4ttern<\/span><\/a><div class=\"w-html usg_html_2\">    <div class=\"catalog-item\">\n        <a href=\"https:\/\/anatex.sk\/de\/kontakt\/?betreff=Werbetextilien%2C%20Sport-%20und%20Arbeitskleidung%20James%20and%20Nicholson\" class=\"w-btn us-btn-style_6 usg_btn_3 icon_atleft\">\n            <i class=\"fas fa-calculator\" aria-hidden=\"true\"><\/i>\n            <span class=\"w-btn-label\">Anfrage<\/span>\n        <\/a>\n    <\/div>\n    <\/div><\/div><\/div><\/div>\t\t<\/div>\r\n\t\t\t<\/article>\r\n\t<article class=\"w-grid-item size_1x1 post-5497 katalogy type-katalogy status-publish has-post-thumbnail hentry category-werbetextilien\" data-id=\"5497\">\r\n\t\t<div class=\"w-grid-item-h\">\r\n\t\t\t\t\t\t<div class=\"w-hwrapper usg_hwrapper_2 two-vertical align_none valign_middle\" style=\"--hwrapper-gap:1rem\"><div class=\"w-post-elm post_image usg_post_image_1 has_width has_ratio\"><a href=\"https:\/\/anatex.sk\/de\/3d-flip-book\/katalog-uterakov-frotery\/\" aria-label=\"FROTERY Handtuchkatalog\"><img loading=\"lazy\" decoding=\"async\" width=\"300\" height=\"300\" src=\"https:\/\/anatex.sk\/wp-content\/uploads\/2025\/02\/FROTERY-obalka-205x246-2.png\" class=\"attachment-woocommerce_thumbnail size-woocommerce_thumbnail wp-post-image\" alt=\"\"><\/a><div style=\"padding-bottom:133.3333%\"><\/div><\/div><div class=\"w-vwrapper usg_vwrapper_1 align_none valign_middle\" style=\"--vwrapper-gap:1rem\"><div class=\"w-post-elm post_title usg_post_title_1 entry-title color_link_inherit\">FROTERY Handtuchkatalog<\/div><div class=\"w-post-elm post_content usg_post_content_2 with_collapsible_content\" data-content-height=\"150px\"><div><p class=\"p1\">Die Marke <span class=\"s1\"><b>FROTERY\u00ae<\/b><\/span> f\u00fcr Handt\u00fccher, Badet\u00fccher und Badem\u00e4ntel steht f\u00fcr h\u00f6chste Materialqualit\u00e4t, Funktionalit\u00e4t und ein originelles Design \u2013 an dem auch Sie mitwirken k\u00f6nnen.<\/p>\n<\/div><div class=\"toggle-links align_none\"><button class=\"collapsible-content-more\">Weiterlesen<\/button><button class=\"collapsible-content-less\">Weniger anzeigen<\/button><\/div><\/div><div class=\"w-hwrapper usg_hwrapper_3 align_none valign_middle\"><a class=\"w-btn us-btn-style_6 usg_btn_4 icon_atleft\" target=\"_blank\" href=\"https:\/\/anatex.sk\/de\/3d-flip-book\/katalog-uterakov-frotery\/\"><i class=\"fal fa-plus\"><\/i><span class=\"w-btn-label\">Durchbl\u00e4ttern<\/span><\/a><div class=\"w-html usg_html_2\">    <div class=\"catalog-item\">\n        <a href=\"https:\/\/anatex.sk\/de\/kontakt\/?betreff=FROTERY%20Handtuchkatalog\" class=\"w-btn us-btn-style_6 usg_btn_3 icon_atleft\">\n            <i class=\"fas fa-calculator\" aria-hidden=\"true\"><\/i>\n            <span class=\"w-btn-label\">Anfrage<\/span>\n        <\/a>\n    <\/div>\n    <\/div><\/div><\/div><\/div>\t\t<\/div>\r\n\t\t\t<\/article>\r\n\t<article class=\"w-grid-item size_1x1 post-5485 katalogy type-katalogy status-publish has-post-thumbnail hentry category-werbetextilien\" data-id=\"5485\">\r\n\t\t<div class=\"w-grid-item-h\">\r\n\t\t\t\t\t\t<div class=\"w-hwrapper usg_hwrapper_2 two-vertical align_none valign_middle\" style=\"--hwrapper-gap:1rem\"><div class=\"w-post-elm post_image usg_post_image_1 has_width has_ratio\"><a href=\"https:\/\/anatex.sk\/de\/3d-flip-book\/reklamny-textil-payper\/\" aria-label=\"Payper Werbetextilien\"><img loading=\"lazy\" decoding=\"async\" width=\"300\" height=\"300\" src=\"https:\/\/anatex.sk\/wp-content\/uploads\/2025\/06\/PAYPER-textil-obalka-205x246-1.png\" class=\"attachment-woocommerce_thumbnail size-woocommerce_thumbnail wp-post-image\" alt=\"\"><\/a><div style=\"padding-bottom:133.3333%\"><\/div><\/div><div class=\"w-vwrapper usg_vwrapper_1 align_none valign_middle\" style=\"--vwrapper-gap:1rem\"><div class=\"w-post-elm post_title usg_post_title_1 entry-title color_link_inherit\">Payper Werbetextilien<\/div><div class=\"w-hwrapper usg_hwrapper_3 align_none valign_middle\"><a class=\"w-btn us-btn-style_6 usg_btn_4 icon_atleft\" target=\"_blank\" href=\"https:\/\/anatex.sk\/de\/3d-flip-book\/reklamny-textil-payper\/\"><i class=\"fal fa-plus\"><\/i><span class=\"w-btn-label\">Durchbl\u00e4ttern<\/span><\/a><div class=\"w-html usg_html_2\">    <div class=\"catalog-item\">\n        <a href=\"https:\/\/anatex.sk\/de\/kontakt\/?betreff=Payper%20Werbetextilien\" class=\"w-btn us-btn-style_6 usg_btn_3 icon_atleft\">\n            <i class=\"fas fa-calculator\" aria-hidden=\"true\"><\/i>\n            <span class=\"w-btn-label\">Anfrage<\/span>\n        <\/a>\n    <\/div>\n    <\/div><\/div><\/div><\/div>\t\t<\/div>\r\n\t\t\t<\/article>\r\n\t<article class=\"w-grid-item size_1x1 post-5479 katalogy type-katalogy status-publish has-post-thumbnail hentry category-werbetextilien\" data-id=\"5479\">\r\n\t\t<div class=\"w-grid-item-h\">\r\n\t\t\t\t\t\t<div class=\"w-hwrapper usg_hwrapper_2 two-vertical align_none valign_middle\" style=\"--hwrapper-gap:1rem\"><div class=\"w-post-elm post_image usg_post_image_1 has_width has_ratio\"><a href=\"https:\/\/anatex.sk\/de\/3d-flip-book\/pracovne-oblecenie-payper\/\" aria-label=\"Payper Arbeitskleidung\"><img loading=\"lazy\" decoding=\"async\" width=\"300\" height=\"300\" src=\"https:\/\/anatex.sk\/wp-content\/uploads\/2025\/06\/PAYPER-PROFI-obalka-205x246-1.png\" class=\"attachment-woocommerce_thumbnail size-woocommerce_thumbnail wp-post-image\" alt=\"\"><\/a><div style=\"padding-bottom:133.3333%\"><\/div><\/div><div class=\"w-vwrapper usg_vwrapper_1 align_none valign_middle\" style=\"--vwrapper-gap:1rem\"><div class=\"w-post-elm post_title usg_post_title_1 entry-title color_link_inherit\">Payper Arbeitskleidung<\/div><div class=\"w-hwrapper usg_hwrapper_3 align_none valign_middle\"><a class=\"w-btn us-btn-style_6 usg_btn_4 icon_atleft\" target=\"_blank\" href=\"https:\/\/anatex.sk\/de\/3d-flip-book\/pracovne-oblecenie-payper\/\"><i class=\"fal fa-plus\"><\/i><span class=\"w-btn-label\">Durchbl\u00e4ttern<\/span><\/a><a class=\"w-btn us-btn-style_6 usg_btn_6 icon_atleft\" target=\"_blank\" href=\"https:\/\/anatex.sk\/wp-content\/uploads\/2025\/06\/Payper-Catalogue.pdf\"><i class=\"fal fa-download\"><\/i><span class=\"w-btn-label\">Herunterladen<\/span><\/a><div class=\"w-html usg_html_2\">    <div class=\"catalog-item\">\n        <a href=\"https:\/\/anatex.sk\/de\/kontakt\/?betreff=Payper%20Arbeitskleidung\" class=\"w-btn us-btn-style_6 usg_btn_3 icon_atleft\">\n            <i class=\"fas fa-calculator\" aria-hidden=\"true\"><\/i>\n            <span class=\"w-btn-label\">Anfrage<\/span>\n        <\/a>\n    <\/div>\n    <\/div><\/div><\/div><\/div>\t\t<\/div>\r\n\t\t\t<\/article>\r\n\t<article class=\"w-grid-item size_1x1 post-6900 katalogy type-katalogy status-publish has-post-thumbnail hentry category-oekologische-werbung category-werbetextilien\" data-id=\"6900\">\r\n\t\t<div class=\"w-grid-item-h\">\r\n\t\t\t\t\t\t<div class=\"w-hwrapper usg_hwrapper_2 two-vertical align_none valign_middle\" style=\"--hwrapper-gap:1rem\"><div class=\"w-post-elm post_image usg_post_image_1 has_width has_ratio\"><a href=\"https:\/\/anatex.sk\/de\/3d-flip-book\/bio-bavlna-stanley-stella\/\" aria-label=\"Bio baumwolle Stanley\/Stella\"><img loading=\"lazy\" decoding=\"async\" width=\"300\" height=\"300\" src=\"https:\/\/anatex.sk\/wp-content\/uploads\/2026\/01\/STANLEY-obalka-205x246-1.png\" class=\"attachment-woocommerce_thumbnail size-woocommerce_thumbnail wp-post-image\" alt=\"\"><\/a><div style=\"padding-bottom:133.3333%\"><\/div><\/div><div class=\"w-vwrapper usg_vwrapper_1 align_none valign_middle\" style=\"--vwrapper-gap:1rem\"><div class=\"w-post-elm post_title usg_post_title_1 entry-title color_link_inherit\">Bio baumwolle Stanley\/Stella<\/div><div class=\"w-post-elm post_content usg_post_content_2 with_collapsible_content\" data-content-height=\"150px\"><div><p>Der <strong>Stanley\/Stella AW25-Katalog<\/strong> pr\u00e4sentiert eine aktuelle Kollektion nachhaltiger Textilien, die sich durch Premiumqualit\u00e4t, zeitloses Design und verantwortungsvolle Produktion auszeichnen. Die Marke setzt ihre langj\u00e4hrigen Werte fort, mit denen sie seit 2012 am Markt agiert: die Herstellung funktionaler, \u00e4sthetischer Textilien, die sich sowohl f\u00fcr den Alltag als auch f\u00fcr den professionellen Einsatz eignen.<\/p>\n<p>Die AW25-Kollektion erweitert das Portfolio um neue Schnitte, Farben und Materialien und bewahrt dabei die einheitliche Linienf\u00fchrung bei Herren-, Damen- und Unisex-Modellen. Der Fokus liegt auf der einfachen Kombinierbarkeit der einzelnen Teile und einem konsistenten visuellen Erscheinungsbild der Marken und Teams.<\/p>\n<\/div><div class=\"toggle-links align_none\"><button class=\"collapsible-content-more\">Weiterlesen<\/button><button class=\"collapsible-content-less\">Weniger anzeigen<\/button><\/div><\/div><div class=\"w-hwrapper usg_hwrapper_3 align_none valign_middle\"><a class=\"w-btn us-btn-style_6 usg_btn_4 icon_atleft\" target=\"_blank\" href=\"https:\/\/anatex.sk\/de\/3d-flip-book\/bio-bavlna-stanley-stella\/\"><i class=\"fal fa-plus\"><\/i><span class=\"w-btn-label\">Durchbl\u00e4ttern<\/span><\/a><div class=\"w-html usg_html_2\">    <div class=\"catalog-item\">\n        <a href=\"https:\/\/anatex.sk\/de\/kontakt\/?betreff=Bio%20baumwolle%20Stanley%2FStella\" class=\"w-btn us-btn-style_6 usg_btn_3 icon_atleft\">\n            <i class=\"fas fa-calculator\" aria-hidden=\"true\"><\/i>\n            <span class=\"w-btn-label\">Anfrage<\/span>\n        <\/a>\n    <\/div>\n    <\/div><\/div><\/div><\/div>\t\t<\/div>\r\n\t\t\t<\/article>\r\n<\/div><div class=\"g-loadmore hidden\"><div class=\"g-preloader type_1\"><div><\/div><\/div><\/div><div class=\"w-grid-list-json hidden\" onclick='return {&quot;max_num_pages&quot;:0,&quot;paginationBase&quot;:&quot;page&quot;,&quot;pagination&quot;:&quot;none&quot;,&quot;paged&quot;:1,&quot;ajaxData&quot;:{&quot;action&quot;:&quot;us_ajax_post_list&quot;,&quot;meta_type&quot;:&quot;post&quot;,&quot;object_id&quot;:0,&quot;template_vars&quot;:{&quot;paged&quot;:1,&quot;max_num_pages&quot;:0,&quot;no_results&quot;:false,&quot;us_post_content_design_css&quot;:[],&quot;found_posts&quot;:0,&quot;source&quot;:&quot;all&quot;,&quot;custom_field_name&quot;:&quot;&quot;,&quot;ids&quot;:&quot;&quot;,&quot;post_type&quot;:&quot;katalogy&quot;,&quot;attachment_ids&quot;:null,&quot;include_post_thumbnail&quot;:0,&quot;post_author&quot;:&quot;any&quot;,&quot;post_author_ids&quot;:&quot;&quot;,&quot;apply_url_params&quot;:0,&quot;exclude_children&quot;:0,&quot;exclude_current_post&quot;:&quot;0&quot;,&quot;exclude_prev_posts&quot;:0,&quot;enable_items_offset&quot;:0,&quot;items_offset&quot;:&quot;1&quot;,&quot;tax_query_relation&quot;:&quot;AND&quot;,&quot;tax_query&quot;:&quot;%5B%7B%22operator%22%3A%22IN%22%2C%22taxonomy%22%3A%22category%22%2C%22terms%22%3A%2223%22%2C%22include_children%22%3A%220%22%7D%5D&quot;,&quot;meta_query_relation&quot;:&quot;none&quot;,&quot;meta_query&quot;:[{&quot;key&quot;:&quot;custom_field_name&quot;,&quot;compare&quot;:&quot;=&quot;,&quot;value&quot;:&quot;&quot;}],&quot;orderby&quot;:&quot;date&quot;,&quot;orderby_custom_field&quot;:&quot;&quot;,&quot;orderby_custom_type&quot;:0,&quot;order_invert&quot;:0,&quot;show_all&quot;:0,&quot;quantity&quot;:&quot;12&quot;,&quot;posts_per_archive_page&quot;:0,&quot;no_items_action&quot;:&quot;message&quot;,&quot;no_items_message&quot;:&quot;Es wurden keine Ergebnisse gefunden.&quot;,&quot;no_items_page_block&quot;:&quot;&quot;,&quot;pagination&quot;:&quot;none&quot;,&quot;pagination_style&quot;:&quot;&quot;,&quot;pagination_btn_text&quot;:&quot;Mehr laden&quot;,&quot;pagination_btn_size&quot;:&quot;&quot;,&quot;pagination_btn_style&quot;:&quot;1&quot;,&quot;pagination_btn_fullwidth&quot;:0,&quot;items_layout&quot;:&quot;719&quot;,&quot;type&quot;:&quot;grid&quot;,&quot;items_valign&quot;:0,&quot;ignore_items_size&quot;:0,&quot;columns&quot;:&quot;2&quot;,&quot;items_gap&quot;:&quot;1rem&quot;,&quot;load_animation&quot;:&quot;none&quot;,&quot;items_preload_style&quot;:&quot;spinner&quot;,&quot;img_size&quot;:&quot;default&quot;,&quot;title_size&quot;:&quot;&quot;,&quot;items_ratio&quot;:&quot;default&quot;,&quot;items_ratio_width&quot;:&quot;21&quot;,&quot;items_ratio_height&quot;:&quot;9&quot;,&quot;overriding_link&quot;:&quot;%7B%22url%22%3A%22%22%7D&quot;,&quot;popup_page_template&quot;:&quot;0&quot;,&quot;popup_width&quot;:&quot;&quot;,&quot;popup_arrows&quot;:1,&quot;breakpoint_1_width&quot;:&quot;1381px&quot;,&quot;breakpoint_1_cols&quot;:&quot;default&quot;,&quot;breakpoint_1_quantity&quot;:&quot;&quot;,&quot;breakpoint_1_gap&quot;:&quot;&quot;,&quot;breakpoint_2_width&quot;:&quot;1091px&quot;,&quot;breakpoint_2_cols&quot;:&quot;2&quot;,&quot;breakpoint_2_quantity&quot;:&quot;&quot;,&quot;breakpoint_2_gap&quot;:&quot;&quot;,&quot;breakpoint_3_width&quot;:&quot;601px&quot;,&quot;breakpoint_3_cols&quot;:&quot;1&quot;,&quot;breakpoint_3_quantity&quot;:&quot;&quot;,&quot;breakpoint_3_gap&quot;:&quot;&quot;,&quot;conditions_operator&quot;:&quot;always&quot;,&quot;conditions&quot;:[],&quot;css&quot;:null,&quot;el_class&quot;:&quot;&quot;,&quot;el_id&quot;:&quot;&quot;,&quot;enable_custom_html_atts&quot;:0,&quot;custom_html_atts&quot;:null,&quot;hide_on_states&quot;:&quot;&quot;,&quot;hide_for_sticky&quot;:0,&quot;hide_for_not_sticky&quot;:0,&quot;hide_below&quot;:&quot;0px&quot;,&quot;hide_above&quot;:&quot;0px&quot;,&quot;classes&quot;:&quot;&quot;}},&quot;facetedFilter&quot;:[]}'><\/div><\/div><\/div><\/div><\/div><\/div><\/div><\/section>\n","protected":false},"excerpt":{"rendered":"Der Stanley\/Stella AW25-Katalog pr\u00e4sentiert eine aktuelle Kollektion nachhaltiger Textilien, die sich durch Premiumqualit\u00e4t, zeitloses Design und verantwortungsvolle Produktion auszeichnen. Die Marke setzt ihre langj\u00e4hrigen Werte fort, mit denen sie seit 2012 am Markt agiert: die Herstellung funktionaler, \u00e4sthetischer Textilien, die sich sowohl f\u00fcr den Alltag als auch f\u00fcr den professionellen Einsatz eignen. Die AW25-Kollektion erweitert...","protected":false},"author":1,"featured_media":4739,"parent":4032,"menu_order":0,"comment_status":"closed","ping_status":"closed","template":"","meta":{"_acf_changed":false,"footnotes":""},"class_list":["post-4737","page","type-page","status-publish","has-post-thumbnail","hentry"],"acf":[],"_links":{"self":[{"href":"https:\/\/anatex.sk\/de\/wp-json\/wp\/v2\/pages\/4737","targetHints":{"allow":["GET"]}}],"collection":[{"href":"https:\/\/anatex.sk\/de\/wp-json\/wp\/v2\/pages"}],"about":[{"href":"https:\/\/anatex.sk\/de\/wp-json\/wp\/v2\/types\/page"}],"author":[{"embeddable":true,"href":"https:\/\/anatex.sk\/de\/wp-json\/wp\/v2\/users\/1"}],"replies":[{"embeddable":true,"href":"https:\/\/anatex.sk\/de\/wp-json\/wp\/v2\/comments?post=4737"}],"version-history":[{"count":7,"href":"https:\/\/anatex.sk\/de\/wp-json\/wp\/v2\/pages\/4737\/revisions"}],"predecessor-version":[{"id":6473,"href":"https:\/\/anatex.sk\/de\/wp-json\/wp\/v2\/pages\/4737\/revisions\/6473"}],"up":[{"embeddable":true,"href":"https:\/\/anatex.sk\/de\/wp-json\/wp\/v2\/pages\/4032"}],"wp:featuredmedia":[{"embeddable":true,"href":"https:\/\/anatex.sk\/de\/wp-json\/wp\/v2\/media\/4739"}],"wp:attachment":[{"href":"https:\/\/anatex.sk\/de\/wp-json\/wp\/v2\/media?parent=4737"}],"curies":[{"name":"wp","href":"https:\/\/api.w.org\/{rel}","templated":true}]}}