{"id":4812,"date":"2024-08-12T09:55:10","date_gmt":"2024-08-12T07:55:10","guid":{"rendered":"https:\/\/anatex.sk\/unser-angebot\/velkoformatova-tlac-a-reklamne-polepy\/"},"modified":"2025-11-16T09:41:45","modified_gmt":"2025-11-16T08:41:45","slug":"grossformatdruck-werbefolien","status":"publish","type":"page","link":"https:\/\/anatex.sk\/de\/unser-angebot\/grossformatdruck-werbefolien\/","title":{"rendered":"Gro\u00dfformatdruck &#038; Werbefolien"},"content":{"rendered":"<section class=\"l-section wpb_row us_custom_e038e7e6 height_medium\" id=\"vyuzitie\"><div class=\"l-section-h i-cf\"><div class=\"g-cols vc_row via_flex valign_top type_default stacking_default\"><div class=\"vc_col-sm-12 wpb_column vc_column_container\"><div class=\"vc_column-inner\"><div class=\"wpb_wrapper\"><div class=\"wpb_text_column\"><div class=\"wpb_wrapper\"><p class=\"p1\">Um das breiteste Spektrum Ihrer Werbeanforderungen zu erf\u00fcllen, haben wir ein Gro\u00dfformatdrucksystem mit integriertem Schneideplotter angeschafft. Die vollfarbigen Drucke dieser Maschine, die ECO-Solvent-Tinten verwendet, sind sowohl f\u00fcr den Innen- als auch f\u00fcr den Au\u00dfenbereich geeignet. Durch die Kombination der neuen FlexFire-Druckk\u00f6pfe mit den TrueVIS-Tinten bietet die SG-Serie lebendige, kr\u00e4ftige Farben, gleichm\u00e4\u00dfige Farbfl\u00e4chen und gestochen scharfe Drucke. Die TrueVIS-Tinten stellen den n\u00e4chsten Entwicklungsschritt in der Eco-Solvent-Technologie dar, bieten einen gro\u00dfen Farbumfang und erf\u00fcllen strenge Umweltstandards. Sie sind mit dem GreenGuard-Gold-Zertifikat f\u00fcr Raumluftqualit\u00e4t ausgezeichnet und somit auch f\u00fcr den Einsatz in Schulen und Krankenh\u00e4usern geeignet.<\/p>\n<p class=\"p1\">Mit diesem Ger\u00e4t k\u00f6nnen wir Ihnen ein wirklich breites Spektrum an Werbeprodukten anbieten.<\/p>\n<h2 class=\"p3\"><b>Innenbereich:<\/b><b><\/b><\/h2>\n<ul>\n<li class=\"p1\">Aufkleber in beliebiger Form bis zu einer Breite von 1346 mm und beliebiger L\u00e4nge<\/li>\n<li class=\"p1\">Firmen- \/ Werbeschilder aus leichtem PVC<\/li>\n<li class=\"p1\">Werbebanner<\/li>\n<li class=\"p1\">Folierungen von Innengl\u00e4sern \u2013 auch mit Sandstrahleffekt<\/li>\n<li class=\"p1\">Pr\u00e4sentationssysteme: Roll-up, Promotionstisch, Promotionwand usw.<\/li>\n<li class=\"p1\">Leinwandbilder auf Keilrahmen<\/li>\n<li class=\"p1\">Tapeten f\u00fcr den Innenbereich<\/li>\n<li class=\"p1\">Plakate bis 1346 mm Breite und beliebiger L\u00e4nge<\/li>\n<li class=\"p1\">CMYK-Textildruck mit Thermotransfertechnik<\/li>\n<\/ul>\n<\/div><\/div><div class=\"w-separator size_small\"><\/div><div class=\"wpb_text_column\"><div class=\"wpb_wrapper\"><h2 class=\"p1\"><b>Au\u00dfenbereich:<\/b><b><\/b><\/h2>\n<ul>\n<li class=\"p3\">Aufkleber in beliebiger Form bis zu einer Breite von 1346 mm und beliebiger L\u00e4nge mit UV-Schutz<\/li>\n<li class=\"p3\">Firmen- \/ Werbeschilder aus DIBOND-Sandwichplatten mit UV-Schutz<\/li>\n<li class=\"p3\">Werbebanner<\/li>\n<li class=\"p3\">Folierungen von Au\u00dfenfenstern und Schaufenstern \u2013 auch mit Sandstrahleffekt<\/li>\n<li class=\"p3\">Fahrzeugbeklebungen \u2013 Pkw, Lieferwagen, Lkw, Busse usw.<\/li>\n<li class=\"p3\">Leuchtwerbung<\/li>\n<li class=\"p3\">Citylight-Plakate<\/li>\n<li class=\"p3\">\u2013 St\u00e4nder \u2013 A-Aufsteller<\/li>\n<\/ul>\n<\/div><\/div><\/div><\/div><\/div><\/div><\/div><\/section><section class=\"l-section wpb_row us_custom_e038e7e6 height_medium\"><div class=\"l-section-h i-cf\"><div class=\"g-cols vc_row via_flex valign_top type_default stacking_default\"><div class=\"vc_col-sm-12 wpb_column vc_column_container\"><div class=\"vc_column-inner\"><div class=\"wpb_wrapper\"><div class=\"w-grid us_post_list type_grid layout_gallery_cropped cols_4 pagination_load_on_btn preload_style_spinner ratio_1x1\" id=\"us_post_list_s5f7\" style=\"--columns:4;--gap:1rem;--item-ratio:1;\"><style>@media (max-width:1090px){#us_post_list_s5f7{--columns:2!important}}@media (max-width:600px){#us_post_list_s5f7{--columns:2!important}}.layout_gallery_cropped .w-grid-item-h{}.layout_gallery_cropped .usg_post_image_1{position:absolute!important;left:0!important;top:0!important;bottom:0!important;right:0!important}<\/style><div class=\"w-grid-list\">\t<article class=\"w-grid-item size_1x1 post-4813 attachment type-attachment status-inherit hentry\" data-id=\"4813\">\r\n\t\t<div class=\"w-grid-item-h\">\r\n\t\t\t\t\t\t\t<a ref=\"magnificPopupGrid\" href=\"https:\/\/anatex.sk\/wp-content\/uploads\/2024\/08\/ISMONT-vyklad.png\" class=\"w-grid-item-anchor\" aria-label=\"ISMONT-vyklad\"><\/a>\r\n\t\t\t\t\t\t<div class=\"w-post-elm post_image usg_post_image_1 stretched\"><img loading=\"lazy\" decoding=\"async\" width=\"800\" height=\"661\" src=\"https:\/\/anatex.sk\/wp-content\/uploads\/2024\/08\/ISMONT-vyklad.png\" class=\"attachment-large size-large\" alt=\"\" srcset=\"https:\/\/anatex.sk\/wp-content\/uploads\/2024\/08\/ISMONT-vyklad.png 800w, https:\/\/anatex.sk\/wp-content\/uploads\/2024\/08\/ISMONT-vyklad-300x248.png 300w\" sizes=\"auto, (max-width: 800px) 100vw, 800px\"><\/div>\t\t<\/div>\r\n\t\t\t<\/article>\r\n\t<article class=\"w-grid-item size_1x1 post-4863 attachment type-attachment status-inherit hentry\" data-id=\"4863\">\r\n\t\t<div class=\"w-grid-item-h\">\r\n\t\t\t\t\t\t\t<a ref=\"magnificPopupGrid\" href=\"https:\/\/anatex.sk\/wp-content\/uploads\/2024\/08\/EUROSOUVENIR-rollup-antikorona.jpg\" class=\"w-grid-item-anchor\" aria-label=\"EUROSOUVENIR-rollup-antikorona\"><\/a>\r\n\t\t\t\t\t\t<div class=\"w-post-elm post_image usg_post_image_1 stretched\"><img loading=\"lazy\" decoding=\"async\" width=\"996\" height=\"800\" src=\"https:\/\/anatex.sk\/wp-content\/uploads\/2024\/08\/EUROSOUVENIR-rollup-antikorona.jpg\" class=\"attachment-large size-large\" alt=\"\" srcset=\"https:\/\/anatex.sk\/wp-content\/uploads\/2024\/08\/EUROSOUVENIR-rollup-antikorona.jpg 996w, https:\/\/anatex.sk\/wp-content\/uploads\/2024\/08\/EUROSOUVENIR-rollup-antikorona-300x241.jpg 300w\" sizes=\"auto, (max-width: 996px) 100vw, 996px\"><\/div>\t\t<\/div>\r\n\t\t\t<\/article>\r\n\t<article class=\"w-grid-item size_1x1 post-4864 attachment type-attachment status-inherit hentry\" data-id=\"4864\">\r\n\t\t<div class=\"w-grid-item-h\">\r\n\t\t\t\t\t\t\t<a ref=\"magnificPopupGrid\" href=\"https:\/\/anatex.sk\/wp-content\/uploads\/2024\/08\/EUROSOUVENIR-stena-stolik.jpg\" class=\"w-grid-item-anchor\" aria-label=\"EUROSOUVENIR-stena-stolik\"><\/a>\r\n\t\t\t\t\t\t<div class=\"w-post-elm post_image usg_post_image_1 stretched\"><img loading=\"lazy\" decoding=\"async\" width=\"1024\" height=\"768\" src=\"https:\/\/anatex.sk\/wp-content\/uploads\/2024\/08\/EUROSOUVENIR-stena-stolik-1024x768.jpg\" class=\"attachment-large size-large\" alt=\"\" srcset=\"https:\/\/anatex.sk\/wp-content\/uploads\/2024\/08\/EUROSOUVENIR-stena-stolik-1024x768.jpg 1024w, https:\/\/anatex.sk\/wp-content\/uploads\/2024\/08\/EUROSOUVENIR-stena-stolik-300x225.jpg 300w, https:\/\/anatex.sk\/wp-content\/uploads\/2024\/08\/EUROSOUVENIR-stena-stolik.jpg 1067w\" sizes=\"auto, (max-width: 1024px) 100vw, 1024px\"><\/div>\t\t<\/div>\r\n\t\t\t<\/article>\r\n\t<article class=\"w-grid-item size_1x1 post-4865 attachment type-attachment status-inherit hentry\" data-id=\"4865\">\r\n\t\t<div class=\"w-grid-item-h\">\r\n\t\t\t\t\t\t\t<a ref=\"magnificPopupGrid\" href=\"https:\/\/anatex.sk\/wp-content\/uploads\/2024\/08\/PHAREX-stolik-02.jpg\" class=\"w-grid-item-anchor\" aria-label=\"OLYMPUS DIGITAL CAMERA\"><\/a>\r\n\t\t\t\t\t\t<div class=\"w-post-elm post_image usg_post_image_1 stretched\"><img loading=\"lazy\" decoding=\"async\" width=\"983\" height=\"737\" src=\"https:\/\/anatex.sk\/wp-content\/uploads\/2024\/08\/PHAREX-stolik-02.jpg\" class=\"attachment-large size-large\" alt=\"\" srcset=\"https:\/\/anatex.sk\/wp-content\/uploads\/2024\/08\/PHAREX-stolik-02.jpg 983w, https:\/\/anatex.sk\/wp-content\/uploads\/2024\/08\/PHAREX-stolik-02-300x225.jpg 300w\" sizes=\"auto, (max-width: 983px) 100vw, 983px\"><\/div>\t\t<\/div>\r\n\t\t\t<\/article>\r\n\t<article class=\"w-grid-item size_1x1 post-4866 attachment type-attachment status-inherit hentry\" data-id=\"4866\">\r\n\t\t<div class=\"w-grid-item-h\">\r\n\t\t\t\t\t\t\t<a ref=\"magnificPopupGrid\" href=\"https:\/\/anatex.sk\/wp-content\/uploads\/2024\/08\/PHAREX-promostena.jpg\" class=\"w-grid-item-anchor\" aria-label=\"OLYMPUS DIGITAL CAMERA\"><\/a>\r\n\t\t\t\t\t\t<div class=\"w-post-elm post_image usg_post_image_1 stretched\"><img loading=\"lazy\" decoding=\"async\" width=\"1024\" height=\"742\" src=\"https:\/\/anatex.sk\/wp-content\/uploads\/2024\/08\/PHAREX-promostena-1024x742.jpg\" class=\"attachment-large size-large\" alt=\"\" srcset=\"https:\/\/anatex.sk\/wp-content\/uploads\/2024\/08\/PHAREX-promostena-1024x742.jpg 1024w, https:\/\/anatex.sk\/wp-content\/uploads\/2024\/08\/PHAREX-promostena-300x218.jpg 300w, https:\/\/anatex.sk\/wp-content\/uploads\/2024\/08\/PHAREX-promostena.jpg 1200w\" sizes=\"auto, (max-width: 1024px) 100vw, 1024px\"><\/div>\t\t<\/div>\r\n\t\t\t<\/article>\r\n\t<article class=\"w-grid-item size_1x1 post-4867 attachment type-attachment status-inherit hentry\" data-id=\"4867\">\r\n\t\t<div class=\"w-grid-item-h\">\r\n\t\t\t\t\t\t\t<a ref=\"magnificPopupGrid\" href=\"https:\/\/anatex.sk\/wp-content\/uploads\/2024\/08\/JOJ-TABULA-02.jpg\" class=\"w-grid-item-anchor\" aria-label=\"100x130_hugo-bez\"><\/a>\r\n\t\t\t\t\t\t<div class=\"w-post-elm post_image usg_post_image_1 stretched\"><img loading=\"lazy\" decoding=\"async\" width=\"619\" height=\"800\" src=\"https:\/\/anatex.sk\/wp-content\/uploads\/2024\/08\/JOJ-TABULA-02.jpg\" class=\"attachment-large size-large\" alt=\"\" srcset=\"https:\/\/anatex.sk\/wp-content\/uploads\/2024\/08\/JOJ-TABULA-02.jpg 619w, https:\/\/anatex.sk\/wp-content\/uploads\/2024\/08\/JOJ-TABULA-02-232x300.jpg 232w\" sizes=\"auto, (max-width: 619px) 100vw, 619px\"><\/div>\t\t<\/div>\r\n\t\t\t<\/article>\r\n\t<article class=\"w-grid-item size_1x1 post-4868 attachment type-attachment status-inherit hentry\" data-id=\"4868\">\r\n\t\t<div class=\"w-grid-item-h\">\r\n\t\t\t\t\t\t\t<a ref=\"magnificPopupGrid\" href=\"https:\/\/anatex.sk\/wp-content\/uploads\/2024\/08\/JOJ-TABULA-01.jpg\" class=\"w-grid-item-anchor\" aria-label=\"100x130_jojko\"><\/a>\r\n\t\t\t\t\t\t<div class=\"w-post-elm post_image usg_post_image_1 stretched\"><img loading=\"lazy\" decoding=\"async\" width=\"617\" height=\"800\" src=\"https:\/\/anatex.sk\/wp-content\/uploads\/2024\/08\/JOJ-TABULA-01.jpg\" class=\"attachment-large size-large\" alt=\"\" srcset=\"https:\/\/anatex.sk\/wp-content\/uploads\/2024\/08\/JOJ-TABULA-01.jpg 617w, https:\/\/anatex.sk\/wp-content\/uploads\/2024\/08\/JOJ-TABULA-01-231x300.jpg 231w\" sizes=\"auto, (max-width: 617px) 100vw, 617px\"><\/div>\t\t<\/div>\r\n\t\t\t<\/article>\r\n\t<article class=\"w-grid-item size_1x1 post-4869 attachment type-attachment status-inherit hentry\" data-id=\"4869\">\r\n\t\t<div class=\"w-grid-item-h\">\r\n\t\t\t\t\t\t\t<a ref=\"magnificPopupGrid\" href=\"https:\/\/anatex.sk\/wp-content\/uploads\/2024\/08\/JOJ-kulisy.jpg\" class=\"w-grid-item-anchor\" aria-label=\"JOJ-kulisy\"><\/a>\r\n\t\t\t\t\t\t<div class=\"w-post-elm post_image usg_post_image_1 stretched\"><img loading=\"lazy\" decoding=\"async\" width=\"1024\" height=\"768\" src=\"https:\/\/anatex.sk\/wp-content\/uploads\/2024\/08\/JOJ-kulisy-1024x768.jpg\" class=\"attachment-large size-large\" alt=\"\" srcset=\"https:\/\/anatex.sk\/wp-content\/uploads\/2024\/08\/JOJ-kulisy-1024x768.jpg 1024w, https:\/\/anatex.sk\/wp-content\/uploads\/2024\/08\/JOJ-kulisy-300x225.jpg 300w, https:\/\/anatex.sk\/wp-content\/uploads\/2024\/08\/JOJ-kulisy.jpg 1200w\" sizes=\"auto, (max-width: 1024px) 100vw, 1024px\"><\/div>\t\t<\/div>\r\n\t\t\t<\/article>\r\n<\/div><div class=\"g-loadmore\"><div class=\"g-preloader type_1\"><div><\/div><\/div><button class=\"w-btn us-btn-style_1\"><span class=\"w-btn-label\">Mehr anzeigen<\/span><\/button><\/div><div class=\"w-grid-list-json hidden\" onclick='return {&quot;max_num_pages&quot;:6,&quot;paginationBase&quot;:&quot;page&quot;,&quot;pagination&quot;:&quot;load_on_btn&quot;,&quot;paged&quot;:1,&quot;ajaxData&quot;:{&quot;action&quot;:&quot;us_ajax_post_list&quot;,&quot;meta_type&quot;:&quot;post&quot;,&quot;object_id&quot;:0,&quot;template_vars&quot;:{&quot;paged&quot;:1,&quot;max_num_pages&quot;:6,&quot;no_results&quot;:false,&quot;us_post_content_design_css&quot;:[],&quot;found_posts&quot;:47,&quot;source&quot;:&quot;media&quot;,&quot;custom_field_name&quot;:&quot;&quot;,&quot;ids&quot;:&quot;&quot;,&quot;post_type&quot;:&quot;post&quot;,&quot;attachment_ids&quot;:&quot;1129,1128,1127,1126,1125,1124,1123,1122,1121,1120,1119,1118,1117,1116,1115,1114,1113,1112,1111,1110,1109,1108,1107,1106,1105,1104,1103,1102,1101,1100,1099,1098,1097,1096,1095,1094,1093,1092,1091,1090,1089,1088,1087,1086,1085,1084,1083&quot;,&quot;include_post_thumbnail&quot;:0,&quot;post_author&quot;:&quot;any&quot;,&quot;post_author_ids&quot;:&quot;&quot;,&quot;apply_url_params&quot;:0,&quot;exclude_children&quot;:0,&quot;exclude_current_post&quot;:1,&quot;exclude_prev_posts&quot;:0,&quot;enable_items_offset&quot;:0,&quot;items_offset&quot;:&quot;1&quot;,&quot;tax_query_relation&quot;:&quot;none&quot;,&quot;tax_query&quot;:[{&quot;operator&quot;:&quot;IN&quot;,&quot;taxonomy&quot;:&quot;category&quot;,&quot;terms&quot;:&quot;&quot;,&quot;include_children&quot;:0}],&quot;meta_query_relation&quot;:&quot;none&quot;,&quot;meta_query&quot;:[{&quot;key&quot;:&quot;custom_field_name&quot;,&quot;compare&quot;:&quot;=&quot;,&quot;value&quot;:&quot;&quot;}],&quot;orderby&quot;:&quot;date&quot;,&quot;orderby_custom_field&quot;:&quot;&quot;,&quot;orderby_custom_type&quot;:0,&quot;order_invert&quot;:0,&quot;show_all&quot;:0,&quot;quantity&quot;:&quot;8&quot;,&quot;posts_per_archive_page&quot;:0,&quot;no_items_action&quot;:&quot;message&quot;,&quot;no_items_message&quot;:&quot;Es wurden keine Ergebnisse gefunden.&quot;,&quot;no_items_page_block&quot;:&quot;&quot;,&quot;pagination&quot;:&quot;load_on_btn&quot;,&quot;pagination_style&quot;:&quot;&quot;,&quot;pagination_btn_text&quot;:&quot;Mehr anzeigen&quot;,&quot;pagination_btn_size&quot;:&quot;&quot;,&quot;pagination_btn_style&quot;:&quot;1&quot;,&quot;pagination_btn_fullwidth&quot;:0,&quot;items_layout&quot;:&quot;gallery_cropped&quot;,&quot;type&quot;:&quot;grid&quot;,&quot;items_valign&quot;:0,&quot;ignore_items_size&quot;:0,&quot;columns&quot;:&quot;4&quot;,&quot;items_gap&quot;:&quot;1rem&quot;,&quot;load_animation&quot;:&quot;none&quot;,&quot;items_preload_style&quot;:&quot;spinner&quot;,&quot;img_size&quot;:&quot;default&quot;,&quot;title_size&quot;:&quot;&quot;,&quot;items_ratio&quot;:&quot;default&quot;,&quot;items_ratio_width&quot;:&quot;21&quot;,&quot;items_ratio_height&quot;:&quot;9&quot;,&quot;overriding_link&quot;:&quot;%7B%22type%22%3A%22popup_image%22%7D&quot;,&quot;popup_page_template&quot;:&quot;0&quot;,&quot;popup_width&quot;:&quot;&quot;,&quot;popup_arrows&quot;:1,&quot;breakpoint_1_width&quot;:&quot;1381px&quot;,&quot;breakpoint_1_cols&quot;:&quot;default&quot;,&quot;breakpoint_1_quantity&quot;:&quot;&quot;,&quot;breakpoint_1_gap&quot;:&quot;&quot;,&quot;breakpoint_2_width&quot;:&quot;1091px&quot;,&quot;breakpoint_2_cols&quot;:&quot;2&quot;,&quot;breakpoint_2_quantity&quot;:&quot;&quot;,&quot;breakpoint_2_gap&quot;:&quot;&quot;,&quot;breakpoint_3_width&quot;:&quot;601px&quot;,&quot;breakpoint_3_cols&quot;:&quot;2&quot;,&quot;breakpoint_3_quantity&quot;:&quot;&quot;,&quot;breakpoint_3_gap&quot;:&quot;&quot;,&quot;conditions_operator&quot;:&quot;always&quot;,&quot;conditions&quot;:[],&quot;css&quot;:null,&quot;el_class&quot;:&quot;&quot;,&quot;el_id&quot;:&quot;&quot;,&quot;enable_custom_html_atts&quot;:0,&quot;custom_html_atts&quot;:null,&quot;hide_on_states&quot;:&quot;&quot;,&quot;hide_for_sticky&quot;:0,&quot;hide_for_not_sticky&quot;:0,&quot;hide_below&quot;:&quot;0px&quot;,&quot;hide_above&quot;:&quot;0px&quot;,&quot;classes&quot;:&quot;&quot;}},&quot;facetedFilter&quot;:[]}'><\/div><\/div><\/div><\/div><\/div><\/div><\/div><\/section><section class=\"l-section wpb_row us_custom_e038e7e6 height_auto\"><div class=\"l-section-h i-cf\"><div class=\"g-cols vc_row via_flex valign_top type_default stacking_default\"><div class=\"vc_col-sm-12 wpb_column vc_column_container\"><div class=\"vc_column-inner\"><div class=\"wpb_wrapper\"><div class=\"w-iconbox us_custom_16aad9e5 has_text_color iconpos_left style_default color_primary align_left no_text icontype_img\"><div class=\"w-iconbox-icon\" style=\"font-size:4rem;\"><img loading=\"lazy\" decoding=\"async\" width=\"100\" height=\"114\" src=\"https:\/\/anatex.sk\/wp-content\/uploads\/2024\/08\/zirovka.png\" class=\"attachment-full size-full\" alt=\"\"><\/div><div class=\"w-iconbox-meta\"><span class=\"w-iconbox-title\">Wir gestalten und realisieren Ihre Folierung, Ihr Schild, Plakat oder Banner.<\/span><\/div><\/div><\/div><\/div><\/div><\/div><\/div><\/section>\n","protected":false},"excerpt":{"rendered":"","protected":false},"author":1,"featured_media":4814,"parent":4032,"menu_order":0,"comment_status":"closed","ping_status":"closed","template":"","meta":{"_acf_changed":false,"footnotes":""},"class_list":["post-4812","page","type-page","status-publish","has-post-thumbnail","hentry"],"acf":[],"_links":{"self":[{"href":"https:\/\/anatex.sk\/de\/wp-json\/wp\/v2\/pages\/4812","targetHints":{"allow":["GET"]}}],"collection":[{"href":"https:\/\/anatex.sk\/de\/wp-json\/wp\/v2\/pages"}],"about":[{"href":"https:\/\/anatex.sk\/de\/wp-json\/wp\/v2\/types\/page"}],"author":[{"embeddable":true,"href":"https:\/\/anatex.sk\/de\/wp-json\/wp\/v2\/users\/1"}],"replies":[{"embeddable":true,"href":"https:\/\/anatex.sk\/de\/wp-json\/wp\/v2\/comments?post=4812"}],"version-history":[{"count":8,"href":"https:\/\/anatex.sk\/de\/wp-json\/wp\/v2\/pages\/4812\/revisions"}],"predecessor-version":[{"id":6008,"href":"https:\/\/anatex.sk\/de\/wp-json\/wp\/v2\/pages\/4812\/revisions\/6008"}],"up":[{"embeddable":true,"href":"https:\/\/anatex.sk\/de\/wp-json\/wp\/v2\/pages\/4032"}],"wp:featuredmedia":[{"embeddable":true,"href":"https:\/\/anatex.sk\/de\/wp-json\/wp\/v2\/media\/4814"}],"wp:attachment":[{"href":"https:\/\/anatex.sk\/de\/wp-json\/wp\/v2\/media?parent=4812"}],"curies":[{"name":"wp","href":"https:\/\/api.w.org\/{rel}","templated":true}]}}