{"id":5009,"date":"2024-09-23T08:12:06","date_gmt":"2024-09-23T06:12:06","guid":{"rendered":"https:\/\/anatex.sk\/o-nas\/rozsirena-zodpovednost-vyrobcov-vyhradenych-vyrobkov\/"},"modified":"2025-11-15T20:56:09","modified_gmt":"2025-11-15T19:56:09","slug":"erweiterte-herstellerverantwortung-fuer-bestimmte-produkte","status":"publish","type":"page","link":"https:\/\/anatex.sk\/de\/ueber-uns\/erweiterte-herstellerverantwortung-fuer-bestimmte-produkte\/","title":{"rendered":"Erweiterte Herstellerverantwortung f\u00fcr bestimmte Produkte"},"content":{"rendered":"<section class=\"l-section wpb_row height_medium\"><div class=\"l-section-h i-cf\"><div class=\"g-cols vc_row via_flex valign_top type_default stacking_default\"><div class=\"vc_col-sm-12 wpb_column vc_column_container\"><div class=\"vc_column-inner\"><div class=\"wpb_wrapper\"><h1 class=\"w-post-elm post_title entry-title color_link_inherit\">Erweiterte Herstellerverantwortung f\u00fcr bestimmte Produkte<\/h1><div class=\"wpb_text_column\"><div class=\"wpb_wrapper\"><p class=\"p1\">Das Unternehmen Anatex, s.r.o. ist als Hersteller von bestimmten Produkten registriert und erf\u00fcllt die durch das Gesetz Nr. 79\/2015 Slg. \u00fcber Abf\u00e4lle festgelegten Verpflichtungen \u00fcber die Herstellerverantwortungsorganisation NATUR-PACK, a.s.<\/p>\n<p class=\"p1\">Die Verbraucherinformation gem\u00e4\u00df \u00a727 Abs.4 Buchst. i) des Gesetzes Nr. 79\/2015 Slg. \u00fcber Abf\u00e4lle f\u00fcr die einzelnen bestimmten Produkte ist verf\u00fcgbar unter:<\/p>\n<p class=\"p3\"><b><a href=\"https:\/\/anatex.sk\/wp-content\/uploads\/2024\/09\/Informovanie-spotrebitela-Obaly-Neobaly-2.pdf\">Verpackungen und Nichtverpackungen<\/a><br \/>\n<\/b><b><\/b>Verpackungen \u2013 Registrierungsnummer: PO_0010680<br \/>\nNichtverpackungen \u2013 Registrierungsnummer: NEV001158<\/p>\n<p class=\"p3\"><a href=\"https:\/\/anatex.sk\/wp-content\/uploads\/2024\/09\/Informovanie-spotrebitela-Elektrozariadenia.pdf\"><b>Elektroger\u00e4te<br \/>\n<\/b><\/a><b><\/b>Registrierungsnummer: EZ 0002054<\/p>\n<p class=\"p3\"><a href=\"https:\/\/anatex.sk\/wp-content\/uploads\/2024\/09\/Informovanie-spotrebitela-Baterie-a-Akumulatory.pdf\"><b>Batterien und Akkumulatoren<br \/>\n<\/b><\/a><b><\/b>Registrierungsnummer: BAT 0001650<\/p>\n<p class=\"p1\">Die in unseren Drucktechnologien wie Siebdruck und Tampondruck verwendeten Verbrauchsmaterialien werden recycelt, und ihr Transport sowie ihre Entsorgung erfolgen gem\u00e4\u00df den geltenden Umweltsicherheitsvorschriften. Gef\u00e4hrliche Abf\u00e4lle werden in \u00dcbereinstimmung mit den strengen gesetzlichen Anforderungen entsorgt.<\/p>\n<\/div><\/div><div class=\"w-grid us_post_list type_grid layout_gallery_cropped cols_4 pagination_load_on_btn preload_style_spinner ratio_1x1\" id=\"us_post_list_xb03\" style=\"--columns:4;--gap:1rem;--item-ratio:1;\"><style>@media (max-width:1090px){#us_post_list_xb03{--columns:2!important}}@media (max-width:600px){#us_post_list_xb03{--columns:2!important}}.layout_gallery_cropped .w-grid-item-h{}.layout_gallery_cropped .usg_post_image_1{position:absolute!important;left:0!important;top:0!important;bottom:0!important;right:0!important}<\/style><div class=\"w-grid-list\">\t<article class=\"w-grid-item size_1x1 post-5010 attachment type-attachment status-inherit hentry\" data-id=\"5010\">\r\n\t\t<div class=\"w-grid-item-h\">\r\n\t\t\t\t\t\t\t<a ref=\"magnificPopupGrid\" href=\"https:\/\/anatex.sk\/wp-content\/uploads\/2024\/09\/mewa.jpg\" class=\"w-grid-item-anchor\" aria-label=\"mewa\"><\/a>\r\n\t\t\t\t\t\t<div class=\"w-post-elm post_image usg_post_image_1 stretched\"><img loading=\"lazy\" decoding=\"async\" width=\"496\" height=\"700\" src=\"https:\/\/anatex.sk\/wp-content\/uploads\/2024\/09\/mewa.jpg\" class=\"attachment-large size-large\" alt=\"\" srcset=\"https:\/\/anatex.sk\/wp-content\/uploads\/2024\/09\/mewa.jpg 496w, https:\/\/anatex.sk\/wp-content\/uploads\/2024\/09\/mewa-213x300.jpg 213w\" sizes=\"auto, (max-width: 496px) 100vw, 496px\"><\/div>\t\t<\/div>\r\n\t\t\t<\/article>\r\n\t<article class=\"w-grid-item size_1x1 post-5020 attachment type-attachment status-inherit hentry\" data-id=\"5020\">\r\n\t\t<div class=\"w-grid-item-h\">\r\n\t\t\t\t\t\t\t<a ref=\"magnificPopupGrid\" href=\"https:\/\/anatex.sk\/wp-content\/uploads\/2024\/09\/mewa-certifikatb-01.jpg\" class=\"w-grid-item-anchor\" aria-label=\"mewa-certifikatb-01\"><\/a>\r\n\t\t\t\t\t\t<div class=\"w-post-elm post_image usg_post_image_1 stretched\"><img loading=\"lazy\" decoding=\"async\" width=\"496\" height=\"700\" src=\"https:\/\/anatex.sk\/wp-content\/uploads\/2024\/09\/mewa-certifikatb-01.jpg\" class=\"attachment-large size-large\" alt=\"\" srcset=\"https:\/\/anatex.sk\/wp-content\/uploads\/2024\/09\/mewa-certifikatb-01.jpg 496w, https:\/\/anatex.sk\/wp-content\/uploads\/2024\/09\/mewa-certifikatb-01-213x300.jpg 213w\" sizes=\"auto, (max-width: 496px) 100vw, 496px\"><\/div>\t\t<\/div>\r\n\t\t\t<\/article>\r\n\t<article class=\"w-grid-item size_1x1 post-5021 attachment type-attachment status-inherit hentry\" data-id=\"5021\">\r\n\t\t<div class=\"w-grid-item-h\">\r\n\t\t\t\t\t\t\t<a ref=\"magnificPopupGrid\" href=\"https:\/\/anatex.sk\/wp-content\/uploads\/2024\/09\/mewa-certifikat-01.jpg\" class=\"w-grid-item-anchor\" aria-label=\"mewa-certifikat-01\"><\/a>\r\n\t\t\t\t\t\t<div class=\"w-post-elm post_image usg_post_image_1 stretched\"><img loading=\"lazy\" decoding=\"async\" width=\"496\" height=\"700\" src=\"https:\/\/anatex.sk\/wp-content\/uploads\/2024\/09\/mewa-certifikat-01.jpg\" class=\"attachment-large size-large\" alt=\"\" srcset=\"https:\/\/anatex.sk\/wp-content\/uploads\/2024\/09\/mewa-certifikat-01.jpg 496w, https:\/\/anatex.sk\/wp-content\/uploads\/2024\/09\/mewa-certifikat-01-213x300.jpg 213w\" sizes=\"auto, (max-width: 496px) 100vw, 496px\"><\/div>\t\t<\/div>\r\n\t\t\t<\/article>\r\n\t<article class=\"w-grid-item size_1x1 post-5022 attachment type-attachment status-inherit hentry\" data-id=\"5022\">\r\n\t\t<div class=\"w-grid-item-h\">\r\n\t\t\t\t\t\t\t<a ref=\"magnificPopupGrid\" href=\"https:\/\/anatex.sk\/wp-content\/uploads\/2024\/09\/certifikat-naturpack-2022-05.jpg\" class=\"w-grid-item-anchor\" aria-label=\"certifikat-naturpack-2022-05\"><\/a>\r\n\t\t\t\t\t\t<div class=\"w-post-elm post_image usg_post_image_1 stretched\"><img loading=\"lazy\" decoding=\"async\" width=\"842\" height=\"595\" src=\"https:\/\/anatex.sk\/wp-content\/uploads\/2024\/09\/certifikat-naturpack-2022-05.jpg\" class=\"attachment-large size-large\" alt=\"\" srcset=\"https:\/\/anatex.sk\/wp-content\/uploads\/2024\/09\/certifikat-naturpack-2022-05.jpg 842w, https:\/\/anatex.sk\/wp-content\/uploads\/2024\/09\/certifikat-naturpack-2022-05-300x212.jpg 300w\" sizes=\"auto, (max-width: 842px) 100vw, 842px\"><\/div>\t\t<\/div>\r\n\t\t\t<\/article>\r\n\t<article class=\"w-grid-item size_1x1 post-5023 attachment type-attachment status-inherit hentry\" data-id=\"5023\">\r\n\t\t<div class=\"w-grid-item-h\">\r\n\t\t\t\t\t\t\t<a ref=\"magnificPopupGrid\" href=\"https:\/\/anatex.sk\/wp-content\/uploads\/2024\/09\/certifikat-naturpack-2022-04.jpg\" class=\"w-grid-item-anchor\" aria-label=\"certifikat-naturpack-2022-04\"><\/a>\r\n\t\t\t\t\t\t<div class=\"w-post-elm post_image usg_post_image_1 stretched\"><img loading=\"lazy\" decoding=\"async\" width=\"842\" height=\"558\" src=\"https:\/\/anatex.sk\/wp-content\/uploads\/2024\/09\/certifikat-naturpack-2022-04.jpg\" class=\"attachment-large size-large\" alt=\"\" srcset=\"https:\/\/anatex.sk\/wp-content\/uploads\/2024\/09\/certifikat-naturpack-2022-04.jpg 842w, https:\/\/anatex.sk\/wp-content\/uploads\/2024\/09\/certifikat-naturpack-2022-04-300x199.jpg 300w\" sizes=\"auto, (max-width: 842px) 100vw, 842px\"><\/div>\t\t<\/div>\r\n\t\t\t<\/article>\r\n\t<article class=\"w-grid-item size_1x1 post-5024 attachment type-attachment status-inherit hentry\" data-id=\"5024\">\r\n\t\t<div class=\"w-grid-item-h\">\r\n\t\t\t\t\t\t\t<a ref=\"magnificPopupGrid\" href=\"https:\/\/anatex.sk\/wp-content\/uploads\/2024\/09\/certifikat-naturpack-2022-03.jpg\" class=\"w-grid-item-anchor\" aria-label=\"certifikat-naturpack-2022-03\"><\/a>\r\n\t\t\t\t\t\t<div class=\"w-post-elm post_image usg_post_image_1 stretched\"><img loading=\"lazy\" decoding=\"async\" width=\"842\" height=\"558\" src=\"https:\/\/anatex.sk\/wp-content\/uploads\/2024\/09\/certifikat-naturpack-2022-03.jpg\" class=\"attachment-large size-large\" alt=\"\" srcset=\"https:\/\/anatex.sk\/wp-content\/uploads\/2024\/09\/certifikat-naturpack-2022-03.jpg 842w, https:\/\/anatex.sk\/wp-content\/uploads\/2024\/09\/certifikat-naturpack-2022-03-300x199.jpg 300w\" sizes=\"auto, (max-width: 842px) 100vw, 842px\"><\/div>\t\t<\/div>\r\n\t\t\t<\/article>\r\n\t<article class=\"w-grid-item size_1x1 post-5025 attachment type-attachment status-inherit hentry\" data-id=\"5025\">\r\n\t\t<div class=\"w-grid-item-h\">\r\n\t\t\t\t\t\t\t<a ref=\"magnificPopupGrid\" href=\"https:\/\/anatex.sk\/wp-content\/uploads\/2024\/09\/certifikat-naturpack-2022-02.jpg\" class=\"w-grid-item-anchor\" aria-label=\"certifikat-naturpack-2022-02\"><\/a>\r\n\t\t\t\t\t\t<div class=\"w-post-elm post_image usg_post_image_1 stretched\"><img loading=\"lazy\" decoding=\"async\" width=\"842\" height=\"558\" src=\"https:\/\/anatex.sk\/wp-content\/uploads\/2024\/09\/certifikat-naturpack-2022-02.jpg\" class=\"attachment-large size-large\" alt=\"\" srcset=\"https:\/\/anatex.sk\/wp-content\/uploads\/2024\/09\/certifikat-naturpack-2022-02.jpg 842w, https:\/\/anatex.sk\/wp-content\/uploads\/2024\/09\/certifikat-naturpack-2022-02-300x199.jpg 300w\" sizes=\"auto, (max-width: 842px) 100vw, 842px\"><\/div>\t\t<\/div>\r\n\t\t\t<\/article>\r\n\t<article class=\"w-grid-item size_1x1 post-5026 attachment type-attachment status-inherit hentry\" data-id=\"5026\">\r\n\t\t<div class=\"w-grid-item-h\">\r\n\t\t\t\t\t\t\t<a ref=\"magnificPopupGrid\" href=\"https:\/\/anatex.sk\/wp-content\/uploads\/2024\/09\/certifikat-naturpack-2022-01.jpg\" class=\"w-grid-item-anchor\" aria-label=\"certifikat-naturpack-2022-01\"><\/a>\r\n\t\t\t\t\t\t<div class=\"w-post-elm post_image usg_post_image_1 stretched\"><img loading=\"lazy\" decoding=\"async\" width=\"842\" height=\"558\" src=\"https:\/\/anatex.sk\/wp-content\/uploads\/2024\/09\/certifikat-naturpack-2022-01.jpg\" class=\"attachment-large size-large\" alt=\"\" srcset=\"https:\/\/anatex.sk\/wp-content\/uploads\/2024\/09\/certifikat-naturpack-2022-01.jpg 842w, https:\/\/anatex.sk\/wp-content\/uploads\/2024\/09\/certifikat-naturpack-2022-01-300x199.jpg 300w\" sizes=\"auto, (max-width: 842px) 100vw, 842px\"><\/div>\t\t<\/div>\r\n\t\t\t<\/article>\r\n<\/div><div class=\"g-loadmore\"><div class=\"g-preloader type_1\"><div><\/div><\/div><button class=\"w-btn us-btn-style_1\"><span class=\"w-btn-label\">Mehr anzeigen<\/span><\/button><\/div><div class=\"w-grid-list-json hidden\" onclick='return {&quot;max_num_pages&quot;:2,&quot;paginationBase&quot;:&quot;page&quot;,&quot;pagination&quot;:&quot;load_on_btn&quot;,&quot;paged&quot;:1,&quot;ajaxData&quot;:{&quot;action&quot;:&quot;us_ajax_post_list&quot;,&quot;meta_type&quot;:&quot;post&quot;,&quot;object_id&quot;:0,&quot;template_vars&quot;:{&quot;paged&quot;:1,&quot;max_num_pages&quot;:2,&quot;no_results&quot;:false,&quot;us_post_content_design_css&quot;:[],&quot;found_posts&quot;:9,&quot;source&quot;:&quot;media&quot;,&quot;custom_field_name&quot;:&quot;&quot;,&quot;ids&quot;:&quot;&quot;,&quot;post_type&quot;:&quot;post&quot;,&quot;attachment_ids&quot;:&quot;2378,2377,2376,2375,2374,2373,2372,2371,3168&quot;,&quot;include_post_thumbnail&quot;:0,&quot;post_author&quot;:&quot;any&quot;,&quot;post_author_ids&quot;:&quot;&quot;,&quot;apply_url_params&quot;:0,&quot;exclude_children&quot;:0,&quot;exclude_current_post&quot;:1,&quot;exclude_prev_posts&quot;:0,&quot;enable_items_offset&quot;:0,&quot;items_offset&quot;:&quot;1&quot;,&quot;tax_query_relation&quot;:&quot;none&quot;,&quot;tax_query&quot;:[{&quot;operator&quot;:&quot;IN&quot;,&quot;taxonomy&quot;:&quot;category&quot;,&quot;terms&quot;:&quot;&quot;,&quot;include_children&quot;:0}],&quot;meta_query_relation&quot;:&quot;none&quot;,&quot;meta_query&quot;:[{&quot;key&quot;:&quot;custom_field_name&quot;,&quot;compare&quot;:&quot;=&quot;,&quot;value&quot;:&quot;&quot;}],&quot;orderby&quot;:&quot;date&quot;,&quot;orderby_custom_field&quot;:&quot;&quot;,&quot;orderby_custom_type&quot;:0,&quot;order_invert&quot;:0,&quot;show_all&quot;:0,&quot;quantity&quot;:&quot;8&quot;,&quot;posts_per_archive_page&quot;:0,&quot;no_items_action&quot;:&quot;message&quot;,&quot;no_items_message&quot;:&quot;Es wurden keine Ergebnisse gefunden.&quot;,&quot;no_items_page_block&quot;:&quot;&quot;,&quot;pagination&quot;:&quot;load_on_btn&quot;,&quot;pagination_style&quot;:&quot;&quot;,&quot;pagination_btn_text&quot;:&quot;Mehr anzeigen&quot;,&quot;pagination_btn_size&quot;:&quot;&quot;,&quot;pagination_btn_style&quot;:&quot;1&quot;,&quot;pagination_btn_fullwidth&quot;:0,&quot;items_layout&quot;:&quot;gallery_cropped&quot;,&quot;type&quot;:&quot;grid&quot;,&quot;items_valign&quot;:0,&quot;ignore_items_size&quot;:0,&quot;columns&quot;:&quot;4&quot;,&quot;items_gap&quot;:&quot;1rem&quot;,&quot;load_animation&quot;:&quot;none&quot;,&quot;items_preload_style&quot;:&quot;spinner&quot;,&quot;img_size&quot;:&quot;default&quot;,&quot;title_size&quot;:&quot;&quot;,&quot;items_ratio&quot;:&quot;default&quot;,&quot;items_ratio_width&quot;:&quot;21&quot;,&quot;items_ratio_height&quot;:&quot;9&quot;,&quot;overriding_link&quot;:&quot;%7B%22type%22%3A%22popup_image%22%7D&quot;,&quot;popup_page_template&quot;:&quot;0&quot;,&quot;popup_width&quot;:&quot;&quot;,&quot;popup_arrows&quot;:1,&quot;breakpoint_1_width&quot;:&quot;1381px&quot;,&quot;breakpoint_1_cols&quot;:&quot;default&quot;,&quot;breakpoint_1_quantity&quot;:&quot;&quot;,&quot;breakpoint_1_gap&quot;:&quot;&quot;,&quot;breakpoint_2_width&quot;:&quot;1091px&quot;,&quot;breakpoint_2_cols&quot;:&quot;2&quot;,&quot;breakpoint_2_quantity&quot;:&quot;&quot;,&quot;breakpoint_2_gap&quot;:&quot;&quot;,&quot;breakpoint_3_width&quot;:&quot;601px&quot;,&quot;breakpoint_3_cols&quot;:&quot;2&quot;,&quot;breakpoint_3_quantity&quot;:&quot;&quot;,&quot;breakpoint_3_gap&quot;:&quot;&quot;,&quot;conditions_operator&quot;:&quot;always&quot;,&quot;conditions&quot;:[],&quot;css&quot;:null,&quot;el_class&quot;:&quot;&quot;,&quot;el_id&quot;:&quot;&quot;,&quot;enable_custom_html_atts&quot;:0,&quot;custom_html_atts&quot;:null,&quot;hide_on_states&quot;:&quot;&quot;,&quot;hide_for_sticky&quot;:0,&quot;hide_for_not_sticky&quot;:0,&quot;hide_below&quot;:&quot;0px&quot;,&quot;hide_above&quot;:&quot;0px&quot;,&quot;classes&quot;:&quot;&quot;}},&quot;facetedFilter&quot;:[]}'><\/div><\/div><\/div><\/div><\/div><\/div><\/div><\/section>\n","protected":false},"excerpt":{"rendered":"","protected":false},"author":1,"featured_media":0,"parent":4911,"menu_order":0,"comment_status":"closed","ping_status":"closed","template":"","meta":{"_acf_changed":false,"footnotes":""},"class_list":["post-5009","page","type-page","status-publish","hentry"],"acf":[],"_links":{"self":[{"href":"https:\/\/anatex.sk\/de\/wp-json\/wp\/v2\/pages\/5009","targetHints":{"allow":["GET"]}}],"collection":[{"href":"https:\/\/anatex.sk\/de\/wp-json\/wp\/v2\/pages"}],"about":[{"href":"https:\/\/anatex.sk\/de\/wp-json\/wp\/v2\/types\/page"}],"author":[{"embeddable":true,"href":"https:\/\/anatex.sk\/de\/wp-json\/wp\/v2\/users\/1"}],"replies":[{"embeddable":true,"href":"https:\/\/anatex.sk\/de\/wp-json\/wp\/v2\/comments?post=5009"}],"version-history":[{"count":6,"href":"https:\/\/anatex.sk\/de\/wp-json\/wp\/v2\/pages\/5009\/revisions"}],"predecessor-version":[{"id":6376,"href":"https:\/\/anatex.sk\/de\/wp-json\/wp\/v2\/pages\/5009\/revisions\/6376"}],"up":[{"embeddable":true,"href":"https:\/\/anatex.sk\/de\/wp-json\/wp\/v2\/pages\/4911"}],"wp:attachment":[{"href":"https:\/\/anatex.sk\/de\/wp-json\/wp\/v2\/media?parent=5009"}],"curies":[{"name":"wp","href":"https:\/\/api.w.org\/{rel}","templated":true}]}}