{"id":5032,"date":"2024-08-18T00:07:36","date_gmt":"2024-08-17T22:07:36","guid":{"rendered":"https:\/\/anatex.sk\/technologie\/"},"modified":"2025-11-16T11:47:02","modified_gmt":"2025-11-16T10:47:02","slug":"technologien","status":"publish","type":"page","link":"https:\/\/anatex.sk\/de\/technologien\/","title":{"rendered":"Technologien"},"content":{"rendered":"<section class=\"l-section wpb_row height_medium\" id=\"technologie\"><div class=\"l-section-h i-cf\"><div class=\"g-cols vc_row via_flex valign_top type_default stacking_default\"><div class=\"vc_col-sm-12 wpb_column vc_column_container\"><div class=\"vc_column-inner\"><div class=\"wpb_wrapper\"><div class=\"w-vwrapper us_custom_0984fb55 align_none valign_middle\" style=\"--vwrapper-gap:1.4rem\"><nav class=\"g-breadcrumbs separator_icon align_none\" itemscope itemtype=\"http:\/\/schema.org\/BreadcrumbList\"><div class=\"g-breadcrumbs-item\" itemscope itemprop=\"itemListElement\" itemtype=\"http:\/\/schema.org\/ListItem\"><a itemprop=\"item\" href=\"https:\/\/anatex.sk\/de\/\"><span itemprop=\"name\">Start<\/span><\/a><meta itemprop=\"position\" content=\"1\"\/><\/div><div class=\"g-breadcrumbs-separator\"><i class=\"far fa-angle-right\"><\/i><\/div><div class=\"g-breadcrumbs-item\">Seiten<\/div><\/nav><div class=\"wpb_text_column\"><div class=\"wpb_wrapper\"><h1 class=\"p1\">Technologien und Innovationen<\/h1>\n<\/div><\/div><div class=\"wpb_text_column\"><div class=\"wpb_wrapper\"><p class=\"p1\">Bei Anatex innovieren wir st\u00e4ndig und bringen neue Technologien wie Siebdruck, DTF, DTG, digitalen UV-Druck und Lasergravur ein. Ob feine Details auf kleinen Oberfl\u00e4chen oder auff\u00e4llige Grafiken auf Textilprodukten \u2013 dank innovativer Verfahren wie Tampondruck und Stickerei k\u00f6nnen wir selbst die anspruchsvollsten Projekte mit h\u00f6chster Pr\u00e4zision umsetzen.<\/p>\n<p class=\"p1\">Wir sind bereit, die passende Marketingl\u00f6sung f\u00fcr Sie zu finden.<\/p>\n<\/div><\/div><\/div><div class=\"g-cols wpb_row via_flex valign_top type_default stacking_default\"><div class=\"vc_col-sm-12 wpb_column vc_column_container\"><div class=\"vc_column-inner\"><div class=\"wpb_wrapper\"><div class=\"w-hwrapper us_custom_d82fe1bc six-columns valign_top align_justify\"><div class=\"w-iconbox us_custom_de71c231 iconpos_top style_circle color_custom align_center no_title icontype_img\"><a href=\"https:\/\/anatex.sk\/de\/technologien\/siebdruck\/\" class=\"w-iconbox-link\" aria-label=\"fas|star\"><div class=\"w-iconbox-icon\" style=\"font-size:3rem;--icon-bg-color:var(--color-chrome-toolbar);\"><img loading=\"lazy\" decoding=\"async\" width=\"200\" height=\"200\" src=\"https:\/\/anatex.sk\/wp-content\/uploads\/2024\/08\/Sietotlac.png\" class=\"attachment-full size-full\" alt=\"\" srcset=\"https:\/\/anatex.sk\/wp-content\/uploads\/2024\/08\/Sietotlac.png 200w, https:\/\/anatex.sk\/wp-content\/uploads\/2024\/08\/Sietotlac-150x150.png 150w\" sizes=\"auto, (max-width: 200px) 100vw, 200px\"><\/div><\/a><div class=\"w-iconbox-meta\"><div class=\"w-iconbox-text\"><p><span class=\"vyhody\">SIEBDRUCK<\/span><\/p>\n<\/div><\/div><\/div><div class=\"w-iconbox us_custom_de71c231 iconpos_top style_circle color_custom align_center no_title icontype_img\"><a href=\"https:\/\/anatex.sk\/de\/technologien\/transferdruck\/\" class=\"w-iconbox-link\" aria-label=\"fas|star\"><div class=\"w-iconbox-icon\" style=\"font-size:3rem;--icon-bg-color:var(--color-chrome-toolbar);\"><img loading=\"lazy\" decoding=\"async\" width=\"200\" height=\"200\" src=\"https:\/\/anatex.sk\/wp-content\/uploads\/2024\/08\/Transfer.png\" class=\"attachment-full size-full\" alt=\"\" srcset=\"https:\/\/anatex.sk\/wp-content\/uploads\/2024\/08\/Transfer.png 200w, https:\/\/anatex.sk\/wp-content\/uploads\/2024\/08\/Transfer-150x150.png 150w\" sizes=\"auto, (max-width: 200px) 100vw, 200px\"><\/div><\/a><div class=\"w-iconbox-meta\"><div class=\"w-iconbox-text\"><p><span class=\"vyhody\">TRANSFERDRUCK<\/span><\/p>\n<\/div><\/div><\/div><div class=\"w-iconbox us_custom_de71c231 iconpos_top style_circle color_custom align_center no_title icontype_img\"><a href=\"https:\/\/anatex.sk\/de\/technologien\/tampondruck\/\" class=\"w-iconbox-link\" aria-label=\"fas|star\"><div class=\"w-iconbox-icon\" style=\"font-size:3rem;--icon-bg-color:var(--color-chrome-toolbar);\"><img loading=\"lazy\" decoding=\"async\" width=\"200\" height=\"200\" src=\"https:\/\/anatex.sk\/wp-content\/uploads\/2024\/08\/Tamponova-tlac.png\" class=\"attachment-full size-full\" alt=\"\" srcset=\"https:\/\/anatex.sk\/wp-content\/uploads\/2024\/08\/Tamponova-tlac.png 200w, https:\/\/anatex.sk\/wp-content\/uploads\/2024\/08\/Tamponova-tlac-150x150.png 150w\" sizes=\"auto, (max-width: 200px) 100vw, 200px\"><\/div><\/a><div class=\"w-iconbox-meta\"><div class=\"w-iconbox-text\"><p><span class=\"vyhody\">TAMPONDRUCK<\/span><\/p>\n<\/div><\/div><\/div><div class=\"w-iconbox us_custom_de71c231 iconpos_top style_circle color_custom align_center no_title icontype_img\"><a href=\"https:\/\/anatex.sk\/de\/technologien\/blindpraegung\/\" class=\"w-iconbox-link\" aria-label=\"fas|star\"><div class=\"w-iconbox-icon\" style=\"font-size:3rem;--icon-bg-color:var(--color-chrome-toolbar);\"><img loading=\"lazy\" decoding=\"async\" width=\"200\" height=\"200\" src=\"https:\/\/anatex.sk\/wp-content\/uploads\/2024\/08\/slepotlac.png\" class=\"attachment-full size-full\" alt=\"\" srcset=\"https:\/\/anatex.sk\/wp-content\/uploads\/2024\/08\/slepotlac.png 200w, https:\/\/anatex.sk\/wp-content\/uploads\/2024\/08\/slepotlac-150x150.png 150w\" sizes=\"auto, (max-width: 200px) 100vw, 200px\"><\/div><\/a><div class=\"w-iconbox-meta\"><div class=\"w-iconbox-text\"><p><span class=\"vyhody\">PR\u00c4GUNG \/ BLINDPR\u00c4GUNG<\/span><\/p>\n<\/div><\/div><\/div><div class=\"w-iconbox us_custom_de71c231 iconpos_top style_circle color_custom align_center no_title icontype_img\"><a href=\"https:\/\/anatex.sk\/de\/technologien\/uv-digitaldruck\/\" class=\"w-iconbox-link\" aria-label=\"fas|star\"><div class=\"w-iconbox-icon\" style=\"font-size:3rem;--icon-bg-color:var(--color-chrome-toolbar);\"><img loading=\"lazy\" decoding=\"async\" width=\"200\" height=\"200\" src=\"https:\/\/anatex.sk\/wp-content\/uploads\/2024\/08\/Digitalna-UV-potlac.png\" class=\"attachment-full size-full\" alt=\"\" srcset=\"https:\/\/anatex.sk\/wp-content\/uploads\/2024\/08\/Digitalna-UV-potlac.png 200w, https:\/\/anatex.sk\/wp-content\/uploads\/2024\/08\/Digitalna-UV-potlac-150x150.png 150w\" sizes=\"auto, (max-width: 200px) 100vw, 200px\"><\/div><\/a><div class=\"w-iconbox-meta\"><div class=\"w-iconbox-text\"><p><span class=\"vyhody\">DIGITALER UV-DRUCK<\/span><\/p>\n<\/div><\/div><\/div><div class=\"w-iconbox us_custom_de71c231 iconpos_top style_circle color_custom align_center no_title icontype_img\"><a href=\"https:\/\/anatex.sk\/de\/technologien\/digitaler-textildruck\/\" class=\"w-iconbox-link\" aria-label=\"fas|star\"><div class=\"w-iconbox-icon\" style=\"font-size:3rem;--icon-bg-color:var(--color-chrome-toolbar);\"><img loading=\"lazy\" decoding=\"async\" width=\"200\" height=\"200\" src=\"https:\/\/anatex.sk\/wp-content\/uploads\/2024\/08\/Digitalna-potlac-textilu.png\" class=\"attachment-full size-full\" alt=\"\" srcset=\"https:\/\/anatex.sk\/wp-content\/uploads\/2024\/08\/Digitalna-potlac-textilu.png 200w, https:\/\/anatex.sk\/wp-content\/uploads\/2024\/08\/Digitalna-potlac-textilu-150x150.png 150w\" sizes=\"auto, (max-width: 200px) 100vw, 200px\"><\/div><\/a><div class=\"w-iconbox-meta\"><div class=\"w-iconbox-text\"><p><span class=\"vyhody\">DIGITALER TEXTILDRUCK<\/span><\/p>\n<\/div><\/div><\/div><\/div><div class=\"w-hwrapper us_custom_ef560bc3 six-columns valign_top align_justify\"><div class=\"w-iconbox us_custom_de71c231 iconpos_top style_circle color_custom align_center no_title icontype_img\"><a href=\"https:\/\/anatex.sk\/de\/technologien\/digitaltransfer\/\" class=\"w-iconbox-link\" aria-label=\"fas|star\"><div class=\"w-iconbox-icon\" style=\"font-size:3rem;--icon-bg-color:var(--color-chrome-toolbar);\"><img loading=\"lazy\" decoding=\"async\" width=\"200\" height=\"200\" src=\"https:\/\/anatex.sk\/wp-content\/uploads\/2024\/08\/Digitalny-transfer.png\" class=\"attachment-full size-full\" alt=\"\" srcset=\"https:\/\/anatex.sk\/wp-content\/uploads\/2024\/08\/Digitalny-transfer.png 200w, https:\/\/anatex.sk\/wp-content\/uploads\/2024\/08\/Digitalny-transfer-150x150.png 150w\" sizes=\"auto, (max-width: 200px) 100vw, 200px\"><\/div><\/a><div class=\"w-iconbox-meta\"><div class=\"w-iconbox-text\"><p><span class=\"vyhody\">DIGITALER TRANSFERDRUCK<\/span><\/p>\n<\/div><\/div><\/div><div class=\"w-iconbox us_custom_de71c231 iconpos_top style_circle color_custom align_center no_title icontype_img\"><a href=\"https:\/\/anatex.sk\/de\/technologien\/kleinformatiger-digital-laserdruck\/\" class=\"w-iconbox-link\" aria-label=\"fas|star\"><div class=\"w-iconbox-icon\" style=\"font-size:3rem;--icon-bg-color:var(--color-chrome-toolbar);\"><img loading=\"lazy\" decoding=\"async\" width=\"200\" height=\"200\" src=\"https:\/\/anatex.sk\/wp-content\/uploads\/2024\/08\/Digitalna-harkova-tlac.png\" class=\"attachment-full size-full\" alt=\"\" srcset=\"https:\/\/anatex.sk\/wp-content\/uploads\/2024\/08\/Digitalna-harkova-tlac.png 200w, https:\/\/anatex.sk\/wp-content\/uploads\/2024\/08\/Digitalna-harkova-tlac-150x150.png 150w\" sizes=\"auto, (max-width: 200px) 100vw, 200px\"><\/div><\/a><div class=\"w-iconbox-meta\"><div class=\"w-iconbox-text\"><p><span class=\"vyhody\">DIGITALER BOGENDRUCK<\/span><\/p>\n<\/div><\/div><\/div><div class=\"w-iconbox us_custom_de71c231 iconpos_top style_circle color_custom align_center no_title icontype_img\"><a href=\"https:\/\/anatex.sk\/de\/technologien\/grossformatdruck\/\" class=\"w-iconbox-link\" aria-label=\"fas|star\"><div class=\"w-iconbox-icon\" style=\"font-size:3rem;--icon-bg-color:var(--color-chrome-toolbar);\"><img loading=\"lazy\" decoding=\"async\" width=\"200\" height=\"200\" src=\"https:\/\/anatex.sk\/wp-content\/uploads\/2024\/08\/tlac-velkoformatova.png\" class=\"attachment-full size-full\" alt=\"\" srcset=\"https:\/\/anatex.sk\/wp-content\/uploads\/2024\/08\/tlac-velkoformatova.png 200w, https:\/\/anatex.sk\/wp-content\/uploads\/2024\/08\/tlac-velkoformatova-150x150.png 150w\" sizes=\"auto, (max-width: 200px) 100vw, 200px\"><\/div><\/a><div class=\"w-iconbox-meta\"><div class=\"w-iconbox-text\"><p><span class=\"vyhody\">GROSSFORMATDRUCK<\/span><\/p>\n<\/div><\/div><\/div><div class=\"w-iconbox us_custom_de71c231 iconpos_top style_circle color_custom align_center no_title icontype_img\"><div class=\"w-iconbox-icon\" style=\"font-size:3rem;--icon-bg-color:var(--color-chrome-toolbar);\"><img loading=\"lazy\" decoding=\"async\" width=\"200\" height=\"200\" src=\"https:\/\/anatex.sk\/wp-content\/uploads\/2024\/08\/Flex-flock.png\" class=\"attachment-full size-full\" alt=\"\" srcset=\"https:\/\/anatex.sk\/wp-content\/uploads\/2024\/08\/Flex-flock.png 200w, https:\/\/anatex.sk\/wp-content\/uploads\/2024\/08\/Flex-flock-150x150.png 150w\" sizes=\"auto, (max-width: 200px) 100vw, 200px\"><\/div><div class=\"w-iconbox-meta\"><div class=\"w-iconbox-text\"><p><span class=\"vyhody\">FLEX- \/ FLOCKDRUCK AUF TEXTILIEN<\/span><\/p>\n<\/div><\/div><\/div><div class=\"w-iconbox us_custom_de71c231 iconpos_top style_circle color_custom align_center no_title icontype_img\"><a href=\"https:\/\/anatex.sk\/de\/technologien\/gravur\/\" class=\"w-iconbox-link\" aria-label=\"fas|star\"><div class=\"w-iconbox-icon\" style=\"font-size:3rem;--icon-bg-color:var(--color-chrome-toolbar);\"><img loading=\"lazy\" decoding=\"async\" width=\"200\" height=\"200\" src=\"https:\/\/anatex.sk\/wp-content\/uploads\/2024\/08\/Laserove-gravirovanie.png\" class=\"attachment-full size-full\" alt=\"\" srcset=\"https:\/\/anatex.sk\/wp-content\/uploads\/2024\/08\/Laserove-gravirovanie.png 200w, https:\/\/anatex.sk\/wp-content\/uploads\/2024\/08\/Laserove-gravirovanie-150x150.png 150w\" sizes=\"auto, (max-width: 200px) 100vw, 200px\"><\/div><\/a><div class=\"w-iconbox-meta\"><div class=\"w-iconbox-text\"><p><span class=\"vyhody\">LASERGRAVUR<\/span><\/p>\n<\/div><\/div><\/div><div class=\"w-iconbox us_custom_de71c231 iconpos_top style_circle color_custom align_center no_title icontype_img\"><a href=\"https:\/\/anatex.sk\/de\/technologien\/logostickerei\/\" class=\"w-iconbox-link\" aria-label=\"fas|star\"><div class=\"w-iconbox-icon\" style=\"font-size:3rem;--icon-bg-color:var(--color-chrome-toolbar);\"><img loading=\"lazy\" decoding=\"async\" width=\"200\" height=\"200\" src=\"https:\/\/anatex.sk\/wp-content\/uploads\/2024\/08\/vysivka.png\" class=\"attachment-full size-full\" alt=\"\" srcset=\"https:\/\/anatex.sk\/wp-content\/uploads\/2024\/08\/vysivka.png 200w, https:\/\/anatex.sk\/wp-content\/uploads\/2024\/08\/vysivka-150x150.png 150w\" sizes=\"auto, (max-width: 200px) 100vw, 200px\"><\/div><\/a><div class=\"w-iconbox-meta\"><div class=\"w-iconbox-text\"><p><span class=\"vyhody\">STICKEREI<\/span><\/p>\n<\/div><\/div><\/div><\/div><\/div><\/div><\/div><\/div><\/div><\/div><\/div><\/div><\/div><\/section>\n","protected":false},"excerpt":{"rendered":"StartSeitenTechnologien und Innovationen Bei Anatex innovieren wir st\u00e4ndig und bringen neue Technologien wie Siebdruck, DTF, DTG, digitalen UV-Druck und Lasergravur ein. Ob feine Details auf kleinen Oberfl\u00e4chen oder auff\u00e4llige Grafiken auf Textilprodukten \u2013 dank innovativer Verfahren wie Tampondruck und Stickerei k\u00f6nnen wir selbst die anspruchsvollsten Projekte mit h\u00f6chster Pr\u00e4zision umsetzen. Wir sind bereit, die passende...","protected":false},"author":1,"featured_media":5034,"parent":0,"menu_order":0,"comment_status":"closed","ping_status":"closed","template":"","meta":{"_acf_changed":false,"footnotes":""},"class_list":["post-5032","page","type-page","status-publish","has-post-thumbnail","hentry"],"acf":[],"_links":{"self":[{"href":"https:\/\/anatex.sk\/de\/wp-json\/wp\/v2\/pages\/5032","targetHints":{"allow":["GET"]}}],"collection":[{"href":"https:\/\/anatex.sk\/de\/wp-json\/wp\/v2\/pages"}],"about":[{"href":"https:\/\/anatex.sk\/de\/wp-json\/wp\/v2\/types\/page"}],"author":[{"embeddable":true,"href":"https:\/\/anatex.sk\/de\/wp-json\/wp\/v2\/users\/1"}],"replies":[{"embeddable":true,"href":"https:\/\/anatex.sk\/de\/wp-json\/wp\/v2\/comments?post=5032"}],"version-history":[{"count":16,"href":"https:\/\/anatex.sk\/de\/wp-json\/wp\/v2\/pages\/5032\/revisions"}],"predecessor-version":[{"id":6547,"href":"https:\/\/anatex.sk\/de\/wp-json\/wp\/v2\/pages\/5032\/revisions\/6547"}],"wp:featuredmedia":[{"embeddable":true,"href":"https:\/\/anatex.sk\/de\/wp-json\/wp\/v2\/media\/5034"}],"wp:attachment":[{"href":"https:\/\/anatex.sk\/de\/wp-json\/wp\/v2\/media?parent=5032"}],"curies":[{"name":"wp","href":"https:\/\/api.w.org\/{rel}","templated":true}]}}