{"id":5044,"date":"2024-09-20T18:13:46","date_gmt":"2024-09-20T16:13:46","guid":{"rendered":"https:\/\/anatex.sk\/technologie\/digitalny-transfer-dtf\/"},"modified":"2025-11-12T23:27:56","modified_gmt":"2025-11-12T22:27:56","slug":"digitaltransfer","status":"publish","type":"page","link":"https:\/\/anatex.sk\/de\/technologien\/digitaltransfer\/","title":{"rendered":"Digitaltransfer \u2013 DTF (Direct to Film)"},"content":{"rendered":"<section class=\"l-section wpb_row us_custom_0fb0f71f height_medium\" id=\"dtf\"><div class=\"l-section-h i-cf\"><div class=\"g-cols vc_row via_flex valign_top type_default stacking_default\"><div class=\"vc_col-sm-12 wpb_column vc_column_container\"><div class=\"vc_column-inner\"><div class=\"wpb_wrapper\"><div class=\"wpb_text_column\"><div class=\"wpb_wrapper\"><p class=\"p1\">Die DTF-Technologie ersetzt weder den DTG-Druck noch den Siebdruck. Der Druck auf Folie wird auch im Siebdruck verwendet und ist somit nichts Neues. DTF ist ein Verfahren, bei dem die bedruckte Folie direkt auf das Material \u00fcbertragen werden kann. Diese Technologie erg\u00e4nzt vielmehr die bestehenden Verfahren, insbesondere in F\u00e4llen, in denen ein direkter Textildruck nicht m\u00f6glich ist.<\/p>\n<p class=\"p1\">Es handelt sich um eine relativ neue Technologie, die den Prozess Film &gt; Sieb &gt; Transferpapier \u00fcberfl\u00fcssig macht, der im Siebdruck als konventioneller (Transfer-)Siebdruck bekannt ist. DTF wurde haupts\u00e4chlich entwickelt, um das Trennen von Folien bei der Verwendung von Plottern zu erleichtern. Manche kleinen oder sehr detailreichen Motive lie\u00dfen sich mit Schneideplottern nicht sauber ausschneiden oder entgittern \u2013 die DTF-Technologie vereinfacht und beschleunigt diese Arbeit erheblich.<\/p>\n<p class=\"p3\"><b>Vorteile:<\/b><b><\/b><\/p>\n<ul>\n<li class=\"p1\">keine Farbpenetration<\/li>\n<li class=\"p1\">keine strikt getimten Prozesse, bei denen z. B. ein T-Shirt ruiniert werden k\u00f6nnte<\/li>\n<li class=\"p1\">h\u00f6here Druckqualit\u00e4t: sch\u00e4rfere und intensivere Farben, l\u00e4ngere Haltbarkeit, kein Ausbleichen, kein Rei\u00dfen, kein Brechen, elastisch<\/li>\n<li class=\"p1\">Druck auf praktisch jedes Textil m\u00f6glich \u2013 Baumwolle, Polyester, Nylon, Elasthan, Denim usw. \u2013 ohne Einschr\u00e4nkungen<\/li>\n<li class=\"p1\">kein t\u00e4gliches starkes oder manuelles Sp\u00fclen des Druckkopfs erforderlich, um ein Eintrocknen zu verhindern<\/li>\n<li class=\"p1\">keine Vorbehandlung jedes T-Shirts n\u00f6tig (mehrere Designs k\u00f6nnen auf ein Blatt gedruckt und einzeln \u00fcbertragen werden)<\/li>\n<li class=\"p1\">keine Vielzahl an Schablonen n\u00f6tig, um z. B. Hoodies, Hosen oder Babybodys zu bedrucken \u2013 die einzige Einschr\u00e4nkung ist die Gr\u00f6\u00dfe der Heizpresse<\/li>\n<\/ul>\n<\/div><\/div><\/div><\/div><\/div><\/div><\/div><\/section>\n","protected":false},"excerpt":{"rendered":"Die DTF-Technologie ersetzt weder den DTG-Druck noch den Siebdruck. Der Druck auf Folie wird auch im Siebdruck verwendet und ist somit nichts Neues. DTF ist ein Verfahren, bei dem die bedruckte Folie direkt auf das Material \u00fcbertragen werden kann. Diese Technologie erg\u00e4nzt vielmehr die bestehenden Verfahren, insbesondere in F\u00e4llen, in denen ein direkter Textildruck nicht...","protected":false},"author":1,"featured_media":5046,"parent":5032,"menu_order":0,"comment_status":"closed","ping_status":"closed","template":"","meta":{"_acf_changed":false,"footnotes":""},"class_list":["post-5044","page","type-page","status-publish","has-post-thumbnail","hentry"],"acf":[],"_links":{"self":[{"href":"https:\/\/anatex.sk\/de\/wp-json\/wp\/v2\/pages\/5044","targetHints":{"allow":["GET"]}}],"collection":[{"href":"https:\/\/anatex.sk\/de\/wp-json\/wp\/v2\/pages"}],"about":[{"href":"https:\/\/anatex.sk\/de\/wp-json\/wp\/v2\/types\/page"}],"author":[{"embeddable":true,"href":"https:\/\/anatex.sk\/de\/wp-json\/wp\/v2\/users\/1"}],"replies":[{"embeddable":true,"href":"https:\/\/anatex.sk\/de\/wp-json\/wp\/v2\/comments?post=5044"}],"version-history":[{"count":4,"href":"https:\/\/anatex.sk\/de\/wp-json\/wp\/v2\/pages\/5044\/revisions"}],"predecessor-version":[{"id":6047,"href":"https:\/\/anatex.sk\/de\/wp-json\/wp\/v2\/pages\/5044\/revisions\/6047"}],"up":[{"embeddable":true,"href":"https:\/\/anatex.sk\/de\/wp-json\/wp\/v2\/pages\/5032"}],"wp:featuredmedia":[{"embeddable":true,"href":"https:\/\/anatex.sk\/de\/wp-json\/wp\/v2\/media\/5046"}],"wp:attachment":[{"href":"https:\/\/anatex.sk\/de\/wp-json\/wp\/v2\/media?parent=5044"}],"curies":[{"name":"wp","href":"https:\/\/api.w.org\/{rel}","templated":true}]}}