{"id":5083,"date":"2024-09-20T18:10:20","date_gmt":"2024-09-20T16:10:20","guid":{"rendered":"https:\/\/anatex.sk\/technologien\/dtg-digitalna-potlac-textilu\/"},"modified":"2025-11-12T23:28:45","modified_gmt":"2025-11-12T22:28:45","slug":"digitaler-textildruck","status":"publish","type":"page","link":"https:\/\/anatex.sk\/de\/technologien\/digitaler-textildruck\/","title":{"rendered":"Digitaler Textildruck &#8211; DTG"},"content":{"rendered":"<section class=\"l-section wpb_row us_custom_0fb0f71f height_medium\" id=\"dtg\"><div class=\"l-section-h i-cf\"><div class=\"g-cols vc_row via_flex valign_top type_default stacking_default\"><div class=\"vc_col-sm-12 wpb_column vc_column_container\"><div class=\"vc_column-inner\"><div class=\"wpb_wrapper\"><div class=\"wpb_text_column\"><div class=\"wpb_wrapper\"><p class=\"p1\"><b>Vorteile:<\/b><b><\/b><\/p>\n<ul>\n<li class=\"p3\">Genaue Farbwiedergabe und gleichm\u00e4\u00dfige Farbverl\u00e4ufe<\/li>\n<li class=\"p3\">Minimale Nebenkosten f\u00fcr die Vorbereitung<\/li>\n<li class=\"p3\">Druck beliebig vieler Farben, auch mit Farbverl\u00e4ufen<\/li>\n<li class=\"p3\">Druck ab einem einzigen St\u00fcck m\u00f6glich<\/li>\n<li class=\"p3\">Einheitliche, gleichm\u00e4\u00dfige Farben und Dehnungsbest\u00e4ndigkeit<\/li>\n<li class=\"p3\">Nicht klebender, angenehm glatter Druck<\/li>\n<li class=\"p3\">Druck auf bis zu 25 mm dicken Textilien m\u00f6glich<\/li>\n<li class=\"p3\">Flexibler, atmungsaktiver Druck<\/li>\n<li class=\"p3\">Keine Probleme mit wei\u00dfer Farbe<\/li>\n<\/ul>\n<\/div><\/div><\/div><\/div><\/div><\/div><\/div><\/section>\n","protected":false},"excerpt":{"rendered":"Vorteile: Genaue Farbwiedergabe und gleichm\u00e4\u00dfige Farbverl\u00e4ufe Minimale Nebenkosten f\u00fcr die Vorbereitung Druck beliebig vieler Farben, auch mit Farbverl\u00e4ufen Druck ab einem einzigen St\u00fcck m\u00f6glich Einheitliche, gleichm\u00e4\u00dfige Farben und Dehnungsbest\u00e4ndigkeit Nicht klebender, angenehm glatter Druck Druck auf bis zu 25 mm dicken Textilien m\u00f6glich Flexibler, atmungsaktiver Druck Keine Probleme mit wei\u00dfer Farbe","protected":false},"author":1,"featured_media":0,"parent":5032,"menu_order":0,"comment_status":"closed","ping_status":"closed","template":"","meta":{"_acf_changed":false,"footnotes":""},"class_list":["post-5083","page","type-page","status-publish","hentry"],"acf":[],"_links":{"self":[{"href":"https:\/\/anatex.sk\/de\/wp-json\/wp\/v2\/pages\/5083","targetHints":{"allow":["GET"]}}],"collection":[{"href":"https:\/\/anatex.sk\/de\/wp-json\/wp\/v2\/pages"}],"about":[{"href":"https:\/\/anatex.sk\/de\/wp-json\/wp\/v2\/types\/page"}],"author":[{"embeddable":true,"href":"https:\/\/anatex.sk\/de\/wp-json\/wp\/v2\/users\/1"}],"replies":[{"embeddable":true,"href":"https:\/\/anatex.sk\/de\/wp-json\/wp\/v2\/comments?post=5083"}],"version-history":[{"count":4,"href":"https:\/\/anatex.sk\/de\/wp-json\/wp\/v2\/pages\/5083\/revisions"}],"predecessor-version":[{"id":6052,"href":"https:\/\/anatex.sk\/de\/wp-json\/wp\/v2\/pages\/5083\/revisions\/6052"}],"up":[{"embeddable":true,"href":"https:\/\/anatex.sk\/de\/wp-json\/wp\/v2\/pages\/5032"}],"wp:attachment":[{"href":"https:\/\/anatex.sk\/de\/wp-json\/wp\/v2\/media?parent=5083"}],"curies":[{"name":"wp","href":"https:\/\/api.w.org\/{rel}","templated":true}]}}