{"id":5087,"date":"2024-09-20T18:19:20","date_gmt":"2024-09-20T16:19:20","guid":{"rendered":"https:\/\/anatex.sk\/technologien\/gravirovanie\/"},"modified":"2025-11-15T20:36:24","modified_gmt":"2025-11-15T19:36:24","slug":"gravur","status":"publish","type":"page","link":"https:\/\/anatex.sk\/de\/technologien\/gravur\/","title":{"rendered":"Gravur"},"content":{"rendered":"<section class=\"l-section wpb_row us_custom_0fb0f71f height_medium\" id=\"gravur\"><div class=\"l-section-h i-cf\"><div class=\"g-cols vc_row via_flex valign_top type_default stacking_default\"><div class=\"vc_col-sm-12 wpb_column vc_column_container\"><div class=\"vc_column-inner\"><div class=\"wpb_wrapper\"><div class=\"wpb_text_column\"><div class=\"wpb_wrapper\"><p class=\"p1\">Die Farbe des Logos bei allen Produkten, die mit Lasergravur versehen sind \u2013 ob aus Metall, Glas oder Holz \u2013 wird durch die innere Struktur und Zusammensetzung des Materials bestimmt. Dies stellt keinen Mangel dar, sondern ist ein v\u00f6llig normaler Effekt, der nicht ver\u00e4ndert werden kann. Die endg\u00fcltige Farbgebung des Brandings ist daher nicht beeinflussbar.<\/p>\n<p class=\"p1\">Diese Form des Brandings ist dauerhaft und kann durch normalen Gebrauch nicht entfernt werden.<\/p>\n<p class=\"p1\"><a href=\"https:\/\/anatex.sk\/de\/kontakt\/\">Eine Preisliste f\u00fcr diesen Service stellen wir Ihnen auf Anfrage zur Verf\u00fcgung oder berechnen den Preis individuell f\u00fcr Ihren konkreten Auftrag.<\/a><\/p>\n<\/div><\/div><\/div><\/div><\/div><\/div><\/div><\/section>\n","protected":false},"excerpt":{"rendered":"Die Farbe des Logos bei allen Produkten, die mit Lasergravur versehen sind \u2013 ob aus Metall, Glas oder Holz \u2013 wird durch die innere Struktur und Zusammensetzung des Materials bestimmt. Dies stellt keinen Mangel dar, sondern ist ein v\u00f6llig normaler Effekt, der nicht ver\u00e4ndert werden kann. Die endg\u00fcltige Farbgebung des Brandings ist daher nicht beeinflussbar....","protected":false},"author":1,"featured_media":0,"parent":5032,"menu_order":0,"comment_status":"closed","ping_status":"closed","template":"","meta":{"_acf_changed":false,"footnotes":""},"class_list":["post-5087","page","type-page","status-publish","hentry"],"acf":[],"_links":{"self":[{"href":"https:\/\/anatex.sk\/de\/wp-json\/wp\/v2\/pages\/5087","targetHints":{"allow":["GET"]}}],"collection":[{"href":"https:\/\/anatex.sk\/de\/wp-json\/wp\/v2\/pages"}],"about":[{"href":"https:\/\/anatex.sk\/de\/wp-json\/wp\/v2\/types\/page"}],"author":[{"embeddable":true,"href":"https:\/\/anatex.sk\/de\/wp-json\/wp\/v2\/users\/1"}],"replies":[{"embeddable":true,"href":"https:\/\/anatex.sk\/de\/wp-json\/wp\/v2\/comments?post=5087"}],"version-history":[{"count":7,"href":"https:\/\/anatex.sk\/de\/wp-json\/wp\/v2\/pages\/5087\/revisions"}],"predecessor-version":[{"id":6364,"href":"https:\/\/anatex.sk\/de\/wp-json\/wp\/v2\/pages\/5087\/revisions\/6364"}],"up":[{"embeddable":true,"href":"https:\/\/anatex.sk\/de\/wp-json\/wp\/v2\/pages\/5032"}],"wp:attachment":[{"href":"https:\/\/anatex.sk\/de\/wp-json\/wp\/v2\/media?parent=5087"}],"curies":[{"name":"wp","href":"https:\/\/api.w.org\/{rel}","templated":true}]}}