{"id":5180,"date":"2024-09-20T17:47:40","date_gmt":"2024-09-20T15:47:40","guid":{"rendered":"https:\/\/anatex.sk\/technologien\/razba-slepotlac\/"},"modified":"2025-11-15T20:23:17","modified_gmt":"2025-11-15T19:23:17","slug":"blindpraegung","status":"publish","type":"page","link":"https:\/\/anatex.sk\/de\/technologien\/blindpraegung\/","title":{"rendered":"Blindpr\u00e4gung"},"content":{"rendered":"<section class=\"l-section wpb_row us_custom_0fb0f71f height_medium\" id=\"mehr\"><div class=\"l-section-h i-cf\"><div class=\"g-cols vc_row via_flex valign_top type_default stacking_default\"><div class=\"vc_col-sm-12 wpb_column vc_column_container\"><div class=\"vc_column-inner\"><div class=\"wpb_wrapper\"><div class=\"w-tabs style_default switch_click accordion\" style=\"--sections-title-size:inherit\"><div class=\"w-tabs-sections titles-align_none icon_plus cpos_right\"><div class=\"w-tabs-section active\" id=\"s48b\"><button class=\"w-tabs-section-header active\" aria-controls=\"content-s48b\" aria-expanded=\"true\"><div class=\"w-tabs-section-title\">1. Pneumatische Pr\u00e4gepresse UM 75.3.6<\/div><div class=\"w-tabs-section-control\"><\/div><\/button><div  class=\"w-tabs-section-content\" id=\"content-s48b\"><div class=\"w-tabs-section-content-h i-cf\"><div class=\"wpb_text_column\"><div class=\"wpb_wrapper\"><ul>\n<li class=\"p1\">Pr\u00e4gekopf: 110 \u00d7 200 mm<\/li>\n<li class=\"p1\">Elektronische Steuerung von Temperatur, Folienvorschub und Presszeit<\/li>\n<li class=\"p1\">Motorischer Folienvorschub f\u00fcr die Pr\u00e4gung farbiger Motive<\/li>\n<li class=\"p1\">Zweihandbedienung zur Sicherheit<\/li>\n<li class=\"p1\">Hebelmechanismus mit 4.000 kp Druckkraft<\/li>\n<li class=\"p1\">Ausziehbarer Arbeitstisch 420 \u00d7 290 mm auf Kugellagern<\/li>\n<\/ul>\n<p class=\"p1\">Das Ger\u00e4t ist f\u00fcr die Pr\u00e4gung von Papier-, Kunstleder- und Lederartikeln bestimmt, z. B. Einladungen, Visitenkarten, Planer und \u00e4hnliche Produkte.<\/p>\n<\/div><\/div><div class=\"w-grid us_post_list type_grid layout_gallery_cropped cols_4 pagination_load_on_btn preload_style_spinner ratio_1x1\" id=\"us_post_list_o143\" style=\"--columns:4;--gap:1rem;--item-ratio:1;\"><style>@media (max-width:1090px){#us_post_list_o143{--columns:2!important}}@media (max-width:600px){#us_post_list_o143{--columns:2!important}}.layout_gallery_cropped .w-grid-item-h{}.layout_gallery_cropped .usg_post_image_1{position:absolute!important;left:0!important;top:0!important;bottom:0!important;right:0!important}<\/style><div class=\"w-grid-list\">\t<article class=\"w-grid-item size_1x1 post-5145 attachment type-attachment status-inherit hentry\" data-id=\"5145\">\r\n\t\t<div class=\"w-grid-item-h\">\r\n\t\t\t\t\t\t\t<a ref=\"magnificPopupGrid\" href=\"https:\/\/anatex.sk\/wp-content\/uploads\/2025\/08\/Razba_1.webp\" class=\"w-grid-item-anchor\" aria-label=\"Razba_1\"><\/a>\r\n\t\t\t\t\t\t<div class=\"w-post-elm post_image usg_post_image_1 stretched\"><img loading=\"lazy\" decoding=\"async\" width=\"800\" height=\"800\" src=\"https:\/\/anatex.sk\/wp-content\/uploads\/2025\/08\/Razba_1.webp\" class=\"attachment-large size-large\" alt=\"\" srcset=\"https:\/\/anatex.sk\/wp-content\/uploads\/2025\/08\/Razba_1.webp 800w, https:\/\/anatex.sk\/wp-content\/uploads\/2025\/08\/Razba_1-300x300.webp 300w, https:\/\/anatex.sk\/wp-content\/uploads\/2025\/08\/Razba_1-150x150.webp 150w, https:\/\/anatex.sk\/wp-content\/uploads\/2025\/08\/Razba_1-400x400.webp 400w, https:\/\/anatex.sk\/wp-content\/uploads\/2025\/08\/Razba_1-600x600.webp 600w, https:\/\/anatex.sk\/wp-content\/uploads\/2025\/08\/Razba_1-500x500.webp 500w\" sizes=\"auto, (max-width: 800px) 100vw, 800px\"><\/div>\t\t<\/div>\r\n\t\t\t<\/article>\r\n\t<article class=\"w-grid-item size_1x1 post-5146 attachment type-attachment status-inherit hentry\" data-id=\"5146\">\r\n\t\t<div class=\"w-grid-item-h\">\r\n\t\t\t\t\t\t\t<a ref=\"magnificPopupGrid\" href=\"https:\/\/anatex.sk\/wp-content\/uploads\/2025\/08\/Razba_2.webp\" class=\"w-grid-item-anchor\" aria-label=\"Razba_2\"><\/a>\r\n\t\t\t\t\t\t<div class=\"w-post-elm post_image usg_post_image_1 stretched\"><img loading=\"lazy\" decoding=\"async\" width=\"800\" height=\"800\" src=\"https:\/\/anatex.sk\/wp-content\/uploads\/2025\/08\/Razba_2.webp\" class=\"attachment-large size-large\" alt=\"\" srcset=\"https:\/\/anatex.sk\/wp-content\/uploads\/2025\/08\/Razba_2.webp 800w, https:\/\/anatex.sk\/wp-content\/uploads\/2025\/08\/Razba_2-300x300.webp 300w, https:\/\/anatex.sk\/wp-content\/uploads\/2025\/08\/Razba_2-150x150.webp 150w, https:\/\/anatex.sk\/wp-content\/uploads\/2025\/08\/Razba_2-400x400.webp 400w, https:\/\/anatex.sk\/wp-content\/uploads\/2025\/08\/Razba_2-600x600.webp 600w, https:\/\/anatex.sk\/wp-content\/uploads\/2025\/08\/Razba_2-500x500.webp 500w\" sizes=\"auto, (max-width: 800px) 100vw, 800px\"><\/div>\t\t<\/div>\r\n\t\t\t<\/article>\r\n\t<article class=\"w-grid-item size_1x1 post-5147 attachment type-attachment status-inherit hentry\" data-id=\"5147\">\r\n\t\t<div class=\"w-grid-item-h\">\r\n\t\t\t\t\t\t\t<a ref=\"magnificPopupGrid\" href=\"https:\/\/anatex.sk\/wp-content\/uploads\/2025\/08\/Razba_3.webp\" class=\"w-grid-item-anchor\" aria-label=\"Razba_3\"><\/a>\r\n\t\t\t\t\t\t<div class=\"w-post-elm post_image usg_post_image_1 stretched\"><img loading=\"lazy\" decoding=\"async\" width=\"800\" height=\"800\" src=\"https:\/\/anatex.sk\/wp-content\/uploads\/2025\/08\/Razba_3.webp\" class=\"attachment-large size-large\" alt=\"\" srcset=\"https:\/\/anatex.sk\/wp-content\/uploads\/2025\/08\/Razba_3.webp 800w, https:\/\/anatex.sk\/wp-content\/uploads\/2025\/08\/Razba_3-300x300.webp 300w, https:\/\/anatex.sk\/wp-content\/uploads\/2025\/08\/Razba_3-150x150.webp 150w, https:\/\/anatex.sk\/wp-content\/uploads\/2025\/08\/Razba_3-400x400.webp 400w, https:\/\/anatex.sk\/wp-content\/uploads\/2025\/08\/Razba_3-600x600.webp 600w, https:\/\/anatex.sk\/wp-content\/uploads\/2025\/08\/Razba_3-500x500.webp 500w\" sizes=\"auto, (max-width: 800px) 100vw, 800px\"><\/div>\t\t<\/div>\r\n\t\t\t<\/article>\r\n\t<article class=\"w-grid-item size_1x1 post-5181 attachment type-attachment status-inherit hentry\" data-id=\"5181\">\r\n\t\t<div class=\"w-grid-item-h\">\r\n\t\t\t\t\t\t\t<a ref=\"magnificPopupGrid\" href=\"https:\/\/anatex.sk\/wp-content\/uploads\/2025\/08\/razba-1.webp\" class=\"w-grid-item-anchor\" aria-label=\"slepotla\u010d loga UNIMED PHARMA \u2013 reklamn\u00e9 di\u00e1re s ra\u017ebou\"><\/a>\r\n\t\t\t\t\t\t<div class=\"w-post-elm post_image usg_post_image_1 stretched\"><img loading=\"lazy\" decoding=\"async\" width=\"800\" height=\"600\" src=\"https:\/\/anatex.sk\/wp-content\/uploads\/2025\/08\/razba-1.webp\" class=\"attachment-large size-large\" alt=\"slepotla\u010d loga UNIMED PHARMA \u2013 reklamn\u00e9 di\u00e1re s ra\u017ebou\" srcset=\"https:\/\/anatex.sk\/wp-content\/uploads\/2025\/08\/razba-1.webp 800w, https:\/\/anatex.sk\/wp-content\/uploads\/2025\/08\/razba-1-300x225.webp 300w, https:\/\/anatex.sk\/wp-content\/uploads\/2025\/08\/razba-1-533x400.webp 533w, https:\/\/anatex.sk\/wp-content\/uploads\/2025\/08\/razba-1-600x450.webp 600w, https:\/\/anatex.sk\/wp-content\/uploads\/2025\/08\/razba-1-500x375.webp 500w\" sizes=\"auto, (max-width: 800px) 100vw, 800px\" \/><\/div>\t\t<\/div>\r\n\t\t\t<\/article>\r\n\t<article class=\"w-grid-item size_1x1 post-5185 attachment type-attachment status-inherit hentry\" data-id=\"5185\">\r\n\t\t<div class=\"w-grid-item-h\">\r\n\t\t\t\t\t\t\t<a ref=\"magnificPopupGrid\" href=\"https:\/\/anatex.sk\/wp-content\/uploads\/2025\/08\/razba-2.webp\" class=\"w-grid-item-anchor\" aria-label=\"ra\u017eba loga na di\u00e1re STRABAG \u2013 slepotla\u010d na ko\u017eenkov\u00fd povrch\"><\/a>\r\n\t\t\t\t\t\t<div class=\"w-post-elm post_image usg_post_image_1 stretched\"><img loading=\"lazy\" decoding=\"async\" width=\"800\" height=\"600\" src=\"https:\/\/anatex.sk\/wp-content\/uploads\/2025\/08\/razba-2.webp\" class=\"attachment-large size-large\" alt=\"ra\u017eba loga na di\u00e1re STRABAG \u2013 slepotla\u010d na ko\u017eenkov\u00fd povrch\" srcset=\"https:\/\/anatex.sk\/wp-content\/uploads\/2025\/08\/razba-2.webp 800w, https:\/\/anatex.sk\/wp-content\/uploads\/2025\/08\/razba-2-300x225.webp 300w, https:\/\/anatex.sk\/wp-content\/uploads\/2025\/08\/razba-2-533x400.webp 533w, https:\/\/anatex.sk\/wp-content\/uploads\/2025\/08\/razba-2-600x450.webp 600w, https:\/\/anatex.sk\/wp-content\/uploads\/2025\/08\/razba-2-500x375.webp 500w\" sizes=\"auto, (max-width: 800px) 100vw, 800px\" \/><\/div>\t\t<\/div>\r\n\t\t\t<\/article>\r\n<\/div><div class=\"g-loadmore hidden\"><div class=\"g-preloader type_1\"><div><\/div><\/div><button class=\"w-btn us-btn-style_1\"><span class=\"w-btn-label\">Mehr anzeigen<\/span><\/button><\/div><div class=\"w-grid-list-json hidden\" onclick='return {&quot;max_num_pages&quot;:1,&quot;paginationBase&quot;:&quot;page&quot;,&quot;pagination&quot;:&quot;load_on_btn&quot;,&quot;paged&quot;:1,&quot;ajaxData&quot;:{&quot;action&quot;:&quot;us_ajax_post_list&quot;,&quot;meta_type&quot;:&quot;post&quot;,&quot;object_id&quot;:0,&quot;template_vars&quot;:{&quot;paged&quot;:1,&quot;max_num_pages&quot;:1,&quot;no_results&quot;:false,&quot;us_post_content_design_css&quot;:[],&quot;found_posts&quot;:5,&quot;source&quot;:&quot;media&quot;,&quot;custom_field_name&quot;:&quot;&quot;,&quot;ids&quot;:&quot;&quot;,&quot;post_type&quot;:&quot;post&quot;,&quot;attachment_ids&quot;:&quot;3563,3562,3561,3646,3647&quot;,&quot;include_post_thumbnail&quot;:0,&quot;post_author&quot;:&quot;any&quot;,&quot;post_author_ids&quot;:&quot;&quot;,&quot;apply_url_params&quot;:0,&quot;exclude_children&quot;:0,&quot;exclude_current_post&quot;:1,&quot;exclude_prev_posts&quot;:0,&quot;enable_items_offset&quot;:0,&quot;items_offset&quot;:&quot;1&quot;,&quot;tax_query_relation&quot;:&quot;none&quot;,&quot;tax_query&quot;:[{&quot;operator&quot;:&quot;IN&quot;,&quot;taxonomy&quot;:&quot;category&quot;,&quot;terms&quot;:&quot;&quot;,&quot;include_children&quot;:0}],&quot;meta_query_relation&quot;:&quot;none&quot;,&quot;meta_query&quot;:[{&quot;key&quot;:&quot;custom_field_name&quot;,&quot;compare&quot;:&quot;=&quot;,&quot;value&quot;:&quot;&quot;}],&quot;orderby&quot;:&quot;date&quot;,&quot;orderby_custom_field&quot;:&quot;&quot;,&quot;orderby_custom_type&quot;:0,&quot;order_invert&quot;:0,&quot;show_all&quot;:0,&quot;quantity&quot;:&quot;8&quot;,&quot;posts_per_archive_page&quot;:0,&quot;no_items_action&quot;:&quot;message&quot;,&quot;no_items_message&quot;:&quot;Es wurden keine Ergebnisse gefunden.&quot;,&quot;no_items_page_block&quot;:&quot;&quot;,&quot;pagination&quot;:&quot;load_on_btn&quot;,&quot;pagination_style&quot;:&quot;&quot;,&quot;pagination_btn_text&quot;:&quot;Mehr anzeigen&quot;,&quot;pagination_btn_size&quot;:&quot;&quot;,&quot;pagination_btn_style&quot;:&quot;1&quot;,&quot;pagination_btn_fullwidth&quot;:0,&quot;items_layout&quot;:&quot;gallery_cropped&quot;,&quot;type&quot;:&quot;grid&quot;,&quot;items_valign&quot;:0,&quot;ignore_items_size&quot;:0,&quot;columns&quot;:&quot;4&quot;,&quot;items_gap&quot;:&quot;1rem&quot;,&quot;load_animation&quot;:&quot;none&quot;,&quot;items_preload_style&quot;:&quot;spinner&quot;,&quot;img_size&quot;:&quot;default&quot;,&quot;title_size&quot;:&quot;&quot;,&quot;items_ratio&quot;:&quot;default&quot;,&quot;items_ratio_width&quot;:&quot;21&quot;,&quot;items_ratio_height&quot;:&quot;9&quot;,&quot;overriding_link&quot;:&quot;%7B%22type%22%3A%22popup_image%22%7D&quot;,&quot;popup_page_template&quot;:&quot;0&quot;,&quot;popup_width&quot;:&quot;&quot;,&quot;popup_arrows&quot;:1,&quot;breakpoint_1_width&quot;:&quot;1381px&quot;,&quot;breakpoint_1_cols&quot;:&quot;default&quot;,&quot;breakpoint_1_quantity&quot;:&quot;&quot;,&quot;breakpoint_1_gap&quot;:&quot;&quot;,&quot;breakpoint_2_width&quot;:&quot;1091px&quot;,&quot;breakpoint_2_cols&quot;:&quot;2&quot;,&quot;breakpoint_2_quantity&quot;:&quot;&quot;,&quot;breakpoint_2_gap&quot;:&quot;&quot;,&quot;breakpoint_3_width&quot;:&quot;601px&quot;,&quot;breakpoint_3_cols&quot;:&quot;2&quot;,&quot;breakpoint_3_quantity&quot;:&quot;&quot;,&quot;breakpoint_3_gap&quot;:&quot;&quot;,&quot;conditions_operator&quot;:&quot;always&quot;,&quot;conditions&quot;:[],&quot;css&quot;:null,&quot;el_class&quot;:&quot;&quot;,&quot;el_id&quot;:&quot;&quot;,&quot;enable_custom_html_atts&quot;:0,&quot;custom_html_atts&quot;:null,&quot;hide_on_states&quot;:&quot;&quot;,&quot;hide_for_sticky&quot;:0,&quot;hide_for_not_sticky&quot;:0,&quot;hide_below&quot;:&quot;0px&quot;,&quot;hide_above&quot;:&quot;0px&quot;,&quot;classes&quot;:&quot;&quot;}},&quot;facetedFilter&quot;:[]}'><\/div><\/div><\/div><\/div><\/div><\/div><\/div><\/div><\/div><\/div><\/div><\/div><\/section><section class=\"l-section wpb_row height_medium\"><div class=\"l-section-h i-cf\"><div class=\"g-cols vc_row via_flex valign_top type_default stacking_default\"><div class=\"vc_col-sm-12 wpb_column vc_column_container\"><div class=\"vc_column-inner\"><div class=\"wpb_wrapper\"><div class=\"wpb_text_column\"><div class=\"wpb_wrapper\"><h2 class=\"p1\" style=\"text-align: center;\"><b>Blindpr\u00e4gung und Hei\u00dfpr\u00e4gung \u2013 Elegante Hervorhebung von Details ohne Farbe<\/b><b><\/b><\/h2>\n<p class=\"p3\" style=\"text-align: center;\">Die Blindpr\u00e4gung, auch als Trockenpr\u00e4gung bekannt, ist eine Technik, die durch Druck einen plastischen Effekt auf der Oberfl\u00e4che erzeugt \u2013 ganz ohne Farbe. Dabei wird das Motiv in das Material gedr\u00fcckt, wodurch eine dezente und zugleich optisch ansprechende Markierung entsteht. Diese Methode eignet sich ideal f\u00fcr die Gestaltung von Planern, Verpackungen, Einladungen, Geschenkboxen oder Lederprodukten \u2013 \u00fcberall dort, wo Ihre Marke Eleganz ohne \u00dcbertreibung ausstrahlen soll.<\/p>\n<p class=\"p3\" style=\"text-align: center;\">Die Hei\u00dfpr\u00e4gung wird h\u00e4ufig mit metallischen oder farbigen Folien kombiniert, um dem Produkt ein luxuri\u00f6ses Erscheinungsbild zu verleihen \u2013 beispielsweise mit goldener oder silberner Veredelung. Diese Technik ist ideal f\u00fcr Unternehmen, die Wert auf Design, Haptik und eine repr\u00e4sentative Ausf\u00fchrung ihrer Werbeartikel legen.<\/p>\n<p class=\"p3\" style=\"text-align: center;\">Im Vergleich zu Verfahren wie <a href=\"https:\/\/anatex.sk\/de\/technologien\/tampondruck\/\">Tampondruck<\/a> oder <a href=\"https:\/\/anatex.sk\/de\/technologien\/siebdruck\/\">Siebdruck<\/a>, bei denen Farbe und Grafik im Vordergrund stehen, setzt die Blindpr\u00e4gung auf feine Details und einen f\u00fchlbaren Effekt. F\u00fcr Produkte, die visuell auffallen oder technische Details betonen sollen (z. B. Metallstifte, USB-Sticks), ist eine <a href=\"https:\/\/anatex.sk\/de\/technologien\/gravur\/\">Lasergravur<\/a> oft die bessere Wahl. Bei Textilien oder Stickanwendungen (z. B. Logos auf Firmenpullovern oder Kappen) greifen wir h\u00e4ufig zur <a href=\"https:\/\/anatex.sk\/de\/technologien\/logostickerei\/\">Stickerei<\/a>.<\/p>\n<p class=\"p3\" style=\"text-align: center;\">Bei Anatex passen wir die Wahl der Technologie immer individuell an das jeweilige Projekt an \u2013 die Blindpr\u00e4gung empfehlen wir \u00fcberall dort, wo eine Marke schon auf den ersten Blick und beim ersten Ber\u00fchren durch Raffinesse und Seriosit\u00e4t \u00fcberzeugen soll.<\/p>\n<\/div><\/div><\/div><\/div><\/div><\/div><\/div><\/section>\n","protected":false},"excerpt":{"rendered":"","protected":false},"author":1,"featured_media":0,"parent":5032,"menu_order":0,"comment_status":"closed","ping_status":"closed","template":"","meta":{"_acf_changed":false,"footnotes":""},"class_list":["post-5180","page","type-page","status-publish","hentry"],"acf":[],"_links":{"self":[{"href":"https:\/\/anatex.sk\/de\/wp-json\/wp\/v2\/pages\/5180","targetHints":{"allow":["GET"]}}],"collection":[{"href":"https:\/\/anatex.sk\/de\/wp-json\/wp\/v2\/pages"}],"about":[{"href":"https:\/\/anatex.sk\/de\/wp-json\/wp\/v2\/types\/page"}],"author":[{"embeddable":true,"href":"https:\/\/anatex.sk\/de\/wp-json\/wp\/v2\/users\/1"}],"replies":[{"embeddable":true,"href":"https:\/\/anatex.sk\/de\/wp-json\/wp\/v2\/comments?post=5180"}],"version-history":[{"count":7,"href":"https:\/\/anatex.sk\/de\/wp-json\/wp\/v2\/pages\/5180\/revisions"}],"predecessor-version":[{"id":6080,"href":"https:\/\/anatex.sk\/de\/wp-json\/wp\/v2\/pages\/5180\/revisions\/6080"}],"up":[{"embeddable":true,"href":"https:\/\/anatex.sk\/de\/wp-json\/wp\/v2\/pages\/5032"}],"wp:attachment":[{"href":"https:\/\/anatex.sk\/de\/wp-json\/wp\/v2\/media?parent=5180"}],"curies":[{"name":"wp","href":"https:\/\/api.w.org\/{rel}","templated":true}]}}