{"id":5245,"date":"2024-09-20T17:49:42","date_gmt":"2024-09-20T15:49:42","guid":{"rendered":"https:\/\/anatex.sk\/technologien\/uv-digitalna-potlac\/"},"modified":"2025-11-12T23:37:01","modified_gmt":"2025-11-12T22:37:01","slug":"uv-digitaldruck","status":"publish","type":"page","link":"https:\/\/anatex.sk\/de\/technologien\/uv-digitaldruck\/","title":{"rendered":"UV-Digitaldruck"},"content":{"rendered":"<section class=\"l-section wpb_row us_custom_0fb0f71f height_medium\" id=\"uv-potlac\"><div class=\"l-section-h i-cf\"><div class=\"g-cols vc_row via_flex valign_top type_default stacking_default\"><div class=\"vc_col-sm-12 wpb_column vc_column_container\"><div class=\"vc_column-inner\"><div class=\"wpb_wrapper\"><div class=\"wpb_text_column\"><div class=\"wpb_wrapper\"><p class=\"p1\"><b>Vorteile:<\/b><b><\/b><\/p>\n<ul>\n<li class=\"p3\">Hohe mechanische und chemische Best\u00e4ndigkeit<\/li>\n<li class=\"p3\">Druck auf komplexe Oberfl\u00e4chen \u2013 sowohl flache als auch leicht gew\u00f6lbte Gegenst\u00e4nde<\/li>\n<li class=\"p3\">Mit einem Rotationsaufsatz ist der Druck auf Flaschen bis zu 360\u00b0 m\u00f6glich<\/li>\n<li class=\"p3\">Durch die hohe Aufl\u00f6sung ist ein vollfarbiger Druck in Fotoqualit\u00e4t m\u00f6glich<\/li>\n<li class=\"p3\">Druck auf dunkle oder transparente Objekte durch Verwendung von Deckwei\u00df<\/li>\n<li class=\"p3\">Der Druck ist UV- und abriebfest<\/li>\n<li class=\"p3\">Relativ geringe Vorbereitungskosten<\/li>\n<li class=\"p3\">Spezialtinte trocknet sofort, h\u00e4rtet aus und verschmiert nicht<\/li>\n<\/ul>\n<\/div><\/div><\/div><\/div><\/div><\/div><\/div><\/section>\n","protected":false},"excerpt":{"rendered":"Vorteile: Hohe mechanische und chemische Best\u00e4ndigkeit Druck auf komplexe Oberfl\u00e4chen \u2013 sowohl flache als auch leicht gew\u00f6lbte Gegenst\u00e4nde Mit einem Rotationsaufsatz ist der Druck auf Flaschen bis zu 360\u00b0 m\u00f6glich Durch die hohe Aufl\u00f6sung ist ein vollfarbiger Druck in Fotoqualit\u00e4t m\u00f6glich Druck auf dunkle oder transparente Objekte durch Verwendung von Deckwei\u00df Der Druck ist UV-...","protected":false},"author":1,"featured_media":5247,"parent":5032,"menu_order":0,"comment_status":"closed","ping_status":"closed","template":"","meta":{"_acf_changed":false,"footnotes":""},"class_list":["post-5245","page","type-page","status-publish","has-post-thumbnail","hentry"],"acf":[],"_links":{"self":[{"href":"https:\/\/anatex.sk\/de\/wp-json\/wp\/v2\/pages\/5245","targetHints":{"allow":["GET"]}}],"collection":[{"href":"https:\/\/anatex.sk\/de\/wp-json\/wp\/v2\/pages"}],"about":[{"href":"https:\/\/anatex.sk\/de\/wp-json\/wp\/v2\/types\/page"}],"author":[{"embeddable":true,"href":"https:\/\/anatex.sk\/de\/wp-json\/wp\/v2\/users\/1"}],"replies":[{"embeddable":true,"href":"https:\/\/anatex.sk\/de\/wp-json\/wp\/v2\/comments?post=5245"}],"version-history":[{"count":5,"href":"https:\/\/anatex.sk\/de\/wp-json\/wp\/v2\/pages\/5245\/revisions"}],"predecessor-version":[{"id":6104,"href":"https:\/\/anatex.sk\/de\/wp-json\/wp\/v2\/pages\/5245\/revisions\/6104"}],"up":[{"embeddable":true,"href":"https:\/\/anatex.sk\/de\/wp-json\/wp\/v2\/pages\/5032"}],"wp:featuredmedia":[{"embeddable":true,"href":"https:\/\/anatex.sk\/de\/wp-json\/wp\/v2\/media\/5247"}],"wp:attachment":[{"href":"https:\/\/anatex.sk\/de\/wp-json\/wp\/v2\/media?parent=5245"}],"curies":[{"name":"wp","href":"https:\/\/api.w.org\/{rel}","templated":true}]}}